{"id":5750,"date":"2023-06-29T12:08:12","date_gmt":"2023-06-29T10:08:12","guid":{"rendered":"https:\/\/acf.mmkt.dev\/?post_type=product&#038;p=5750"},"modified":"2023-06-29T12:08:14","modified_gmt":"2023-06-29T10:08:14","slug":"tecnic-loop","status":"publish","type":"product","link":"https:\/\/www.adclofent.com\/ca\/product\/tecnics\/tecnic-loop\/","title":{"rendered":"T\u00e8cnic loop"},"content":{"rendered":"\n<p>Artesana de Clofent destaca en la fabricaci\u00f3 de <strong>teixits t\u00e8cnics tipus loop<\/strong> que poden ser de 5\u202fmm a 600\u202fmm. Poden ser utilitzats per a la confecci\u00f3 de diferents sectors, ja sigui m\u00e8dic, ortop\u00e8dic, esportiu, veterinari, prevenci\u00f3, etc.<\/p>\n\n\n\n<p>Aquests teixits es caracteritzen per tenir una <strong>estructura ris, dissenyada per poder anar en contacte directe amb cintes tipus Velcro\u00ae<\/strong> sense fer-se malb\u00e9. Es tracta de teixits el\u00e0stics, d&#8217;alta compressi\u00f3, i transpirables o compactes la composici\u00f3 dels quals minimitza el risc d&#8217;al\u00b7l\u00e8rgies.<\/p>\n\n\n\n<p>Una de les caracter\u00edstiques que m\u00e9s el diferencia s\u00f3n les seves dues cares totalment diferents:<\/p>\n\n\n\n<ul class=\"wp-block-list\">\n<li>Un <strong>costat molt suau<\/strong> i <strong>confortable<\/strong> destinat a estar en contacte amb la pell<\/li>\n\n\n\n<li>L&#8217;altre costat amb una <strong>estructura ris<\/strong> que garanteix una <strong>bona coacci\u00f3 <\/strong>a l&#8217;hora d&#8217;unir-lo <strong>amb les cintes tipus Velcro<\/strong>\u00ae<\/li>\n<\/ul>\n","protected":false},"featured_media":5099,"parent":5719,"menu_order":0,"template":"","meta":{"_kad_blocks_custom_css":"","_kad_blocks_head_custom_js":"","_kad_blocks_body_custom_js":"","_kad_blocks_footer_custom_js":"","_kad_post_transparent":"","_kad_post_title":"","_kad_post_layout":"","_kad_post_sidebar_id":"","_kad_post_content_style":"","_kad_post_vertical_padding":"","_kad_post_feature":"","_kad_post_feature_position":"","_kad_post_header":false,"_kad_post_footer":false,"footnotes":""},"product-type":[61],"class_list":["post-5750","product","type-product","status-publish","has-post-thumbnail","hentry","product-type-tecnic"],"acf":[],"taxonomy_info":{"product-type":[{"value":61,"label":"T\u00e8cnic"}]},"featured_image_src_large":["https:\/\/www.adclofent.com\/wp-content\/uploads\/2023\/05\/5.7.-LOOP-1-1024x806.jpg",1024,806,true],"author_info":[],"comment_info":"","_links":{"self":[{"href":"https:\/\/www.adclofent.com\/ca\/wp-json\/wp\/v2\/product\/5750","targetHints":{"allow":["GET"]}}],"collection":[{"href":"https:\/\/www.adclofent.com\/ca\/wp-json\/wp\/v2\/product"}],"about":[{"href":"https:\/\/www.adclofent.com\/ca\/wp-json\/wp\/v2\/types\/product"}],"version-history":[{"count":1,"href":"https:\/\/www.adclofent.com\/ca\/wp-json\/wp\/v2\/product\/5750\/revisions"}],"predecessor-version":[{"id":5754,"href":"https:\/\/www.adclofent.com\/ca\/wp-json\/wp\/v2\/product\/5750\/revisions\/5754"}],"up":[{"embeddable":true,"href":"https:\/\/www.adclofent.com\/ca\/wp-json\/wp\/v2\/product\/5719"}],"wp:featuredmedia":[{"embeddable":true,"href":"https:\/\/www.adclofent.com\/ca\/wp-json\/wp\/v2\/media\/5099"}],"wp:attachment":[{"href":"https:\/\/www.adclofent.com\/ca\/wp-json\/wp\/v2\/media?parent=5750"}],"wp:term":[{"taxonomy":"product-type","embeddable":true,"href":"https:\/\/www.adclofent.com\/ca\/wp-json\/wp\/v2\/product-type?post=5750"}],"curies":[{"name":"wp","href":"https:\/\/api.w.org\/{rel}","templated":true}]}}