{"id":5742,"date":"2023-06-29T12:05:36","date_gmt":"2023-06-29T10:05:36","guid":{"rendered":"https:\/\/acf.mmkt.dev\/?post_type=product&#038;p=5742"},"modified":"2023-06-29T12:05:37","modified_gmt":"2023-06-29T10:05:37","slug":"microencapsulats","status":"publish","type":"product","link":"https:\/\/www.adclofent.com\/ca\/product\/tecnics\/microencapsulats\/","title":{"rendered":"Microencapsulats"},"content":{"rendered":"\n<p>Artesana de Clofent treballa constantment el desenvolupament de nous productes, \u00e9s per aix\u00f2 que tamb\u00e9 apliquem<strong> microencapsulats<\/strong> als teixits en funci\u00f3 de les necessitats dels clients, per tal de crear <strong>teixits microencapsulats<\/strong> \u00fanics i especials, que es diferenci\u00efn de la resta.<\/p>\n\n\n\n<p>Aquesta tecnologia consisteix en l&#8217;ampliaci\u00f3 d&#8217;una propietat mitjan\u00e7ant una <strong>microc\u00e0psula que cont\u00e9 un principi actiu dins, <\/strong>el qual es despr\u00e8n progressivament.<\/p>\n\n\n\n<p>Aquest actiu s&#8217;activa i <strong>s&#8217;allibera de manera gradual amb el moviment, la fricci\u00f3, la temperatura o la humitat<\/strong>. Hi ha molts tipus de microencapsulats com per exemple: Repel\u00b7lents, antibacterians, frag\u00e0ncies, reafirmants, agents hidratants,etc.<\/p>\n","protected":false},"featured_media":5075,"parent":5719,"menu_order":0,"template":"","meta":{"_kad_blocks_custom_css":"","_kad_blocks_head_custom_js":"","_kad_blocks_body_custom_js":"","_kad_blocks_footer_custom_js":"","_kad_post_transparent":"","_kad_post_title":"","_kad_post_layout":"","_kad_post_sidebar_id":"","_kad_post_content_style":"","_kad_post_vertical_padding":"","_kad_post_feature":"","_kad_post_feature_position":"","_kad_post_header":false,"_kad_post_footer":false,"footnotes":""},"product-type":[61],"class_list":["post-5742","product","type-product","status-publish","has-post-thumbnail","hentry","product-type-tecnic"],"acf":[],"taxonomy_info":{"product-type":[{"value":61,"label":"T\u00e8cnic"}]},"featured_image_src_large":["https:\/\/www.adclofent.com\/wp-content\/uploads\/2023\/05\/5.5.-MICRO-ENCAPSULAT-1-768x1024.jpeg",768,1024,true],"author_info":[],"comment_info":"","_links":{"self":[{"href":"https:\/\/www.adclofent.com\/ca\/wp-json\/wp\/v2\/product\/5742","targetHints":{"allow":["GET"]}}],"collection":[{"href":"https:\/\/www.adclofent.com\/ca\/wp-json\/wp\/v2\/product"}],"about":[{"href":"https:\/\/www.adclofent.com\/ca\/wp-json\/wp\/v2\/types\/product"}],"version-history":[{"count":1,"href":"https:\/\/www.adclofent.com\/ca\/wp-json\/wp\/v2\/product\/5742\/revisions"}],"predecessor-version":[{"id":5744,"href":"https:\/\/www.adclofent.com\/ca\/wp-json\/wp\/v2\/product\/5742\/revisions\/5744"}],"up":[{"embeddable":true,"href":"https:\/\/www.adclofent.com\/ca\/wp-json\/wp\/v2\/product\/5719"}],"wp:featuredmedia":[{"embeddable":true,"href":"https:\/\/www.adclofent.com\/ca\/wp-json\/wp\/v2\/media\/5075"}],"wp:attachment":[{"href":"https:\/\/www.adclofent.com\/ca\/wp-json\/wp\/v2\/media?parent=5742"}],"wp:term":[{"taxonomy":"product-type","embeddable":true,"href":"https:\/\/www.adclofent.com\/ca\/wp-json\/wp\/v2\/product-type?post=5742"}],"curies":[{"name":"wp","href":"https:\/\/api.w.org\/{rel}","templated":true}]}}