{"id":5737,"date":"2023-06-29T12:04:31","date_gmt":"2023-06-29T10:04:31","guid":{"rendered":"https:\/\/acf.mmkt.dev\/?post_type=product&#038;p=5737"},"modified":"2024-05-23T11:33:32","modified_gmt":"2024-05-23T09:33:32","slug":"termoreguladors","status":"publish","type":"product","link":"https:\/\/www.adclofent.com\/ca\/product\/tecnics\/termoreguladors\/","title":{"rendered":"Termoreguladors"},"content":{"rendered":"\n<p>Artesana de Clofent treballa constantment en la millora dels seus productes. \u00c9s per aix\u00f2 que a mesura que el m\u00f3n evoluciona i sorgeixen noves tecnologies, AdC les aplica per adaptar-se a les noves necessitats que neixen en el nostre entorn.<\/p>\n\n\n\n<p>Gr\u00e0cies a la seva composici\u00f3 de fils t\u00e8cnics, els <strong>teixits termoreguladors<\/strong> s\u00f3n <strong>resistents al vapor d&#8217;aigua<\/strong>, ja que transporten la humitat a l&#8217;exterior molt m\u00e9s r\u00e0pid que qualsevol fibra sint\u00e8tica i natural. Amb aquest tipus de fil aconseguim un teixit que <strong>presenta una gran resist\u00e8ncia t\u00e8rmica<\/strong>, permet expulsar la calor corporal i absorbir l&#8217;aire exterior en condicions d&#8217;alt rendiment f\u00edsic o de calor.<\/p>\n\n\n\n<p>Aquests teixits s&#8217;utilitzen en alguns sectors, per\u00f2 sobretot s\u00f3n molt \u00fatils i buscats en el sector esportiu, ja que s\u00f3n <strong>teixits capa\u00e7os de transpirar i mantenir un equilibri entre la calor <\/strong>que genera el nostre cos <strong>i l&#8217;aire <\/strong>que ens envolta, <strong>de la mateixa manera que en situacions contr\u00e0ries, com de fred i humitat<\/strong>.<\/p>\n","protected":false},"featured_media":5069,"parent":5719,"menu_order":0,"template":"","meta":{"_kad_blocks_custom_css":"","_kad_blocks_head_custom_js":"","_kad_blocks_body_custom_js":"","_kad_blocks_footer_custom_js":"","_kad_post_transparent":"","_kad_post_title":"","_kad_post_layout":"","_kad_post_sidebar_id":"","_kad_post_content_style":"","_kad_post_vertical_padding":"","_kad_post_feature":"","_kad_post_feature_position":"","_kad_post_header":false,"_kad_post_footer":false,"footnotes":""},"product-type":[61],"class_list":["post-5737","product","type-product","status-publish","has-post-thumbnail","hentry","product-type-tecnic"],"acf":[],"taxonomy_info":{"product-type":[{"value":61,"label":"T\u00e8cnic"}]},"featured_image_src_large":["https:\/\/www.adclofent.com\/wp-content\/uploads\/2023\/05\/5.4.-TERMOREGULADORS-768x1024.jpg",768,1024,true],"author_info":[],"comment_info":"","_links":{"self":[{"href":"https:\/\/www.adclofent.com\/ca\/wp-json\/wp\/v2\/product\/5737","targetHints":{"allow":["GET"]}}],"collection":[{"href":"https:\/\/www.adclofent.com\/ca\/wp-json\/wp\/v2\/product"}],"about":[{"href":"https:\/\/www.adclofent.com\/ca\/wp-json\/wp\/v2\/types\/product"}],"version-history":[{"count":1,"href":"https:\/\/www.adclofent.com\/ca\/wp-json\/wp\/v2\/product\/5737\/revisions"}],"predecessor-version":[{"id":5740,"href":"https:\/\/www.adclofent.com\/ca\/wp-json\/wp\/v2\/product\/5737\/revisions\/5740"}],"up":[{"embeddable":true,"href":"https:\/\/www.adclofent.com\/ca\/wp-json\/wp\/v2\/product\/5719"}],"wp:featuredmedia":[{"embeddable":true,"href":"https:\/\/www.adclofent.com\/ca\/wp-json\/wp\/v2\/media\/5069"}],"wp:attachment":[{"href":"https:\/\/www.adclofent.com\/ca\/wp-json\/wp\/v2\/media?parent=5737"}],"wp:term":[{"taxonomy":"product-type","embeddable":true,"href":"https:\/\/www.adclofent.com\/ca\/wp-json\/wp\/v2\/product-type?post=5737"}],"curies":[{"name":"wp","href":"https:\/\/api.w.org\/{rel}","templated":true}]}}