{"id":5732,"date":"2023-06-29T12:03:02","date_gmt":"2023-06-29T10:03:02","guid":{"rendered":"https:\/\/acf.mmkt.dev\/?post_type=product&#038;p=5732"},"modified":"2024-05-23T10:30:28","modified_gmt":"2024-05-23T08:30:28","slug":"conductors","status":"publish","type":"product","link":"https:\/\/www.adclofent.com\/ca\/product\/tecnics\/conductors\/","title":{"rendered":"Conductors"},"content":{"rendered":"\n<p>Un <strong>teixit<\/strong> conductor \u00e9s un teixit t\u00e8cnic que <strong>t\u00e9 propietats conductores d&#8217;electricitat o calor<\/strong>.<\/p>\n\n\n\n<p><strong>Serveix principalment per connectar components electr\u00f2nics que permeten la transmissi\u00f3 d&#8217;energia i electricitat als dispositius.<\/strong> Es fabriquen amb una s\u00e8rie de materials no conductors que li proporcionen resist\u00e8ncia i flexibilitat, i altres com el grafit, que s\u00ed que s\u00f3n conductors. En ser resistents i flexibles, proporcionen una <strong>major llibertat del moviment i durabilitat<\/strong> en comparaci\u00f3 a altres materials m\u00e9s usuals.<\/p>\n\n\n\n<p><strong>Aquests teixits poden ser usats per protegir-se de desc\u00e0rregues el\u00e8ctriques<\/strong> durant el proc\u00e9s de manipulaci\u00f3, per tant, pot ser utilitzat en aplicacions com la fabricaci\u00f3 de guants conductors, roba de protecci\u00f3 contra desc\u00e0rregues el\u00e8ctriques, pantalles t\u00e0ctils, cables flexibles, entre d&#8217;altres. Tamb\u00e9 poden ser utilitzats en la fabricaci\u00f3 de dispositius no convencionals, com per exemple rellotges o polseres intel\u00b7ligents.<\/p>\n","protected":false},"featured_media":5039,"parent":5719,"menu_order":0,"template":"","meta":{"_kad_blocks_custom_css":"","_kad_blocks_head_custom_js":"","_kad_blocks_body_custom_js":"","_kad_blocks_footer_custom_js":"","_kad_post_transparent":"","_kad_post_title":"","_kad_post_layout":"","_kad_post_sidebar_id":"","_kad_post_content_style":"","_kad_post_vertical_padding":"","_kad_post_feature":"","_kad_post_feature_position":"","_kad_post_header":false,"_kad_post_footer":false,"footnotes":""},"product-type":[61],"class_list":["post-5732","product","type-product","status-publish","has-post-thumbnail","hentry","product-type-tecnic"],"acf":[],"taxonomy_info":{"product-type":[{"value":61,"label":"T\u00e8cnic"}]},"featured_image_src_large":["https:\/\/www.adclofent.com\/wp-content\/uploads\/2023\/05\/5.-TEIXITS-TECNICS-768x1024.jpeg",768,1024,true],"author_info":[],"comment_info":"","_links":{"self":[{"href":"https:\/\/www.adclofent.com\/ca\/wp-json\/wp\/v2\/product\/5732","targetHints":{"allow":["GET"]}}],"collection":[{"href":"https:\/\/www.adclofent.com\/ca\/wp-json\/wp\/v2\/product"}],"about":[{"href":"https:\/\/www.adclofent.com\/ca\/wp-json\/wp\/v2\/types\/product"}],"version-history":[{"count":1,"href":"https:\/\/www.adclofent.com\/ca\/wp-json\/wp\/v2\/product\/5732\/revisions"}],"predecessor-version":[{"id":5735,"href":"https:\/\/www.adclofent.com\/ca\/wp-json\/wp\/v2\/product\/5732\/revisions\/5735"}],"up":[{"embeddable":true,"href":"https:\/\/www.adclofent.com\/ca\/wp-json\/wp\/v2\/product\/5719"}],"wp:featuredmedia":[{"embeddable":true,"href":"https:\/\/www.adclofent.com\/ca\/wp-json\/wp\/v2\/media\/5039"}],"wp:attachment":[{"href":"https:\/\/www.adclofent.com\/ca\/wp-json\/wp\/v2\/media?parent=5732"}],"wp:term":[{"taxonomy":"product-type","embeddable":true,"href":"https:\/\/www.adclofent.com\/ca\/wp-json\/wp\/v2\/product-type?post=5732"}],"curies":[{"name":"wp","href":"https:\/\/api.w.org\/{rel}","templated":true}]}}