{"id":5723,"date":"2023-06-29T12:00:57","date_gmt":"2023-06-29T10:00:57","guid":{"rendered":"https:\/\/acf.mmkt.dev\/?post_type=product&#038;p=5723"},"modified":"2024-05-23T11:09:10","modified_gmt":"2024-05-23T09:09:10","slug":"transpirables","status":"publish","type":"product","link":"https:\/\/www.adclofent.com\/ca\/product\/tecnics\/transpirables\/","title":{"rendered":"Transpirables"},"content":{"rendered":"\n<p>Els nostres teixits transpirables es poden utilitzar en multitud d&#8217;\u00e0rees, com ara la m\u00e8dica, la laboral, l&#8217;ortop\u00e8dia, l&#8217;esportiva, entre d\u2019altres.<\/p>\n\n\n\n<p>La seva composici\u00f3 constitueix un <strong>teixit compressiu i resistent als microorganismes i a la humitat<\/strong> que produeix la suor. Aquest tipus d&#8217;article \u00e9s <strong>ideal per a la confecci\u00f3<\/strong> de molts productes, com per exemple: <strong>faixes, bandes abdominals, canelleres, turmelleres, genolleres, etc.<\/strong><\/p>\n\n\n\n<p>Tot i aix\u00f2, aquests teixits s\u00f3n usats principalment per a la confecci\u00f3 de bandes abdominals, per tal de refor\u00e7ar els m\u00fasculs de l&#8217;esquena, la zona lumbar i abdominal. Les seves principals caracter\u00edstiques s\u00f3n: <strong>elasticitat i compressi\u00f3 id\u00f2nies<\/strong>,<strong> resist\u00e8ncia a la cinta adhesiva tipus Velcro\u00ae, termo-soldable, termoregulador, tacte suau, confortable<\/strong>, entre d&#8217;altres.<\/p>\n\n\n\n<p>Dins d&#8217;aquesta categoria, podem presentar <strong>diferents estructures de teixit transpirable<\/strong> sempre adaptant-nos a les necessitats dels nostres clients i a la funcionalitat que ells vulguin pel seu producte final.<\/p>\n\n\n\n<p>No dubteu a consultar-nos les vostres q\u00fcestions. El nostre equip us oferir\u00e0 la millor opci\u00f3 pels vostres productes.<\/p>\n","protected":false},"featured_media":5046,"parent":5719,"menu_order":0,"template":"","meta":{"_kad_blocks_custom_css":"","_kad_blocks_head_custom_js":"","_kad_blocks_body_custom_js":"","_kad_blocks_footer_custom_js":"","_kad_post_transparent":"","_kad_post_title":"","_kad_post_layout":"","_kad_post_sidebar_id":"","_kad_post_content_style":"","_kad_post_vertical_padding":"","_kad_post_feature":"","_kad_post_feature_position":"","_kad_post_header":false,"_kad_post_footer":false,"footnotes":""},"product-type":[61],"class_list":["post-5723","product","type-product","status-publish","has-post-thumbnail","hentry","product-type-tecnic"],"acf":[],"taxonomy_info":{"product-type":[{"value":61,"label":"T\u00e8cnic"}]},"featured_image_src_large":["https:\/\/www.adclofent.com\/wp-content\/uploads\/2023\/05\/5.1.-TRANSPIRABLES-762x1024.jpg",762,1024,true],"author_info":[],"comment_info":"","_links":{"self":[{"href":"https:\/\/www.adclofent.com\/ca\/wp-json\/wp\/v2\/product\/5723","targetHints":{"allow":["GET"]}}],"collection":[{"href":"https:\/\/www.adclofent.com\/ca\/wp-json\/wp\/v2\/product"}],"about":[{"href":"https:\/\/www.adclofent.com\/ca\/wp-json\/wp\/v2\/types\/product"}],"version-history":[{"count":1,"href":"https:\/\/www.adclofent.com\/ca\/wp-json\/wp\/v2\/product\/5723\/revisions"}],"predecessor-version":[{"id":5726,"href":"https:\/\/www.adclofent.com\/ca\/wp-json\/wp\/v2\/product\/5723\/revisions\/5726"}],"up":[{"embeddable":true,"href":"https:\/\/www.adclofent.com\/ca\/wp-json\/wp\/v2\/product\/5719"}],"wp:featuredmedia":[{"embeddable":true,"href":"https:\/\/www.adclofent.com\/ca\/wp-json\/wp\/v2\/media\/5046"}],"wp:attachment":[{"href":"https:\/\/www.adclofent.com\/ca\/wp-json\/wp\/v2\/media?parent=5723"}],"wp:term":[{"taxonomy":"product-type","embeddable":true,"href":"https:\/\/www.adclofent.com\/ca\/wp-json\/wp\/v2\/product-type?post=5723"}],"curies":[{"name":"wp","href":"https:\/\/api.w.org\/{rel}","templated":true}]}}