{"id":5715,"date":"2023-06-29T11:54:55","date_gmt":"2023-06-29T09:54:55","guid":{"rendered":"https:\/\/acf.mmkt.dev\/?post_type=product&#038;p=5715"},"modified":"2023-06-29T11:54:56","modified_gmt":"2023-06-29T09:54:56","slug":"corretges-collars-i-arnesos","status":"publish","type":"product","link":"https:\/\/www.adclofent.com\/ca\/product\/veterinari\/corretges-collars-i-arnesos\/","title":{"rendered":"Corretges, collars i arnesos"},"content":{"rendered":"\n<p>Si busqueu cintes r\u00edgides resistents per tota mena de complements per animals, nosaltres us podem oferir una \u00e0mplia gamma de <strong>cintes altament resistents i duradores<\/strong>, <strong>ideals per a l&#8217;elaboraci\u00f3 de corretges, collarets i arnesos per a mascotes.<\/strong><\/p>\n\n\n\n<p>Han estat dissenyades per <strong>suportar grans pesos i forces<\/strong>, cosa que garanteix la resist\u00e8ncia dels productes fabricats.<\/p>\n\n\n\n<p>A m\u00e9s, les nostres cintes resistents s\u00f3n <strong>f\u00e0cils de netejar<\/strong> i mantenir, el que assegura la higiene i prolongada vida \u00fatil dels productes finals.<\/p>\n\n\n\n<p>Comptem amb una <strong>\u00e0mplia varietat de colors, textures i dissenys<\/strong> per satisfer les seves necessitats i prefer\u00e8ncies.<\/p>\n\n\n\n<p>Si teniu qualsevol dubte o voleu m\u00e9s informaci\u00f3, contacteu amb nosaltres i us ajudarem amb tot el que puguem.<\/p>\n","protected":false},"featured_media":5028,"parent":5706,"menu_order":0,"template":"","meta":{"_kad_blocks_custom_css":"","_kad_blocks_head_custom_js":"","_kad_blocks_body_custom_js":"","_kad_blocks_footer_custom_js":"","_kad_post_transparent":"","_kad_post_title":"","_kad_post_layout":"","_kad_post_sidebar_id":"","_kad_post_content_style":"","_kad_post_vertical_padding":"","_kad_post_feature":"","_kad_post_feature_position":"","_kad_post_header":false,"_kad_post_footer":false,"footnotes":""},"product-type":[63],"class_list":["post-5715","product","type-product","status-publish","has-post-thumbnail","hentry","product-type-veterinari"],"acf":[],"taxonomy_info":{"product-type":[{"value":63,"label":"Veterinari"}]},"featured_image_src_large":["https:\/\/www.adclofent.com\/wp-content\/uploads\/2023\/05\/4.2.-ARNESSOS-COLLARS-I-CORRETGES-2-1024x768.jpg",1024,768,true],"author_info":[],"comment_info":"","_links":{"self":[{"href":"https:\/\/www.adclofent.com\/ca\/wp-json\/wp\/v2\/product\/5715","targetHints":{"allow":["GET"]}}],"collection":[{"href":"https:\/\/www.adclofent.com\/ca\/wp-json\/wp\/v2\/product"}],"about":[{"href":"https:\/\/www.adclofent.com\/ca\/wp-json\/wp\/v2\/types\/product"}],"version-history":[{"count":1,"href":"https:\/\/www.adclofent.com\/ca\/wp-json\/wp\/v2\/product\/5715\/revisions"}],"predecessor-version":[{"id":5718,"href":"https:\/\/www.adclofent.com\/ca\/wp-json\/wp\/v2\/product\/5715\/revisions\/5718"}],"up":[{"embeddable":true,"href":"https:\/\/www.adclofent.com\/ca\/wp-json\/wp\/v2\/product\/5706"}],"wp:featuredmedia":[{"embeddable":true,"href":"https:\/\/www.adclofent.com\/ca\/wp-json\/wp\/v2\/media\/5028"}],"wp:attachment":[{"href":"https:\/\/www.adclofent.com\/ca\/wp-json\/wp\/v2\/media?parent=5715"}],"wp:term":[{"taxonomy":"product-type","embeddable":true,"href":"https:\/\/www.adclofent.com\/ca\/wp-json\/wp\/v2\/product-type?post=5715"}],"curies":[{"name":"wp","href":"https:\/\/api.w.org\/{rel}","templated":true}]}}