{"id":5711,"date":"2023-06-29T11:53:05","date_gmt":"2023-06-29T09:53:05","guid":{"rendered":"https:\/\/acf.mmkt.dev\/?post_type=product&#038;p=5711"},"modified":"2023-06-29T11:53:07","modified_gmt":"2023-06-29T09:53:07","slug":"ortopedia-animal","status":"publish","type":"product","link":"https:\/\/www.adclofent.com\/ca\/product\/veterinari\/ortopedia-animal\/","title":{"rendered":"Ortop\u00e8dia animal"},"content":{"rendered":"\n<p>Igual que els \u00e9ssers humans, <strong>els animals tamb\u00e9 presenten patologies, lesions i malalties en els ossos i m\u00fasculs,<\/strong> les quals han de ser corregides o tractades.<\/p>\n\n\n\n<p>Aquestes deformacions o males postures que afecten el cos dels animals poden ser tractades mitjan\u00e7ant aparells ortop\u00e8dics especials i adaptats a les seves necessitats.<\/p>\n\n\n\n<p>Artesana de Clofent ha desenvolupat diferents<strong> teixits ortop\u00e8dics per animals transpirables, el\u00e0stics, compactes, compressius, d&#8217;adher\u00e8ncia al Velcro\u00ae<\/strong>, entre d&#8217;altres, els quals poden ser utilitzats per a la confecci\u00f3 d&#8217;aquests dispositius.<\/p>\n\n\n\n<p>Gr\u00e0cies a l&#8217;alta qualitat dels nostres teixits i de les mat\u00e8ries primeres utilitzades, els productes que desenvolupeu per l&#8217;ortop\u00e8dia animal gaudiran d&#8217;una alta transpirabilitat, compressi\u00f3 i comoditat.<\/p>\n","protected":false},"featured_media":5995,"parent":5706,"menu_order":0,"template":"","meta":{"_kad_blocks_custom_css":"","_kad_blocks_head_custom_js":"","_kad_blocks_body_custom_js":"","_kad_blocks_footer_custom_js":"","_kad_post_transparent":"","_kad_post_title":"","_kad_post_layout":"","_kad_post_sidebar_id":"","_kad_post_content_style":"","_kad_post_vertical_padding":"","_kad_post_feature":"","_kad_post_feature_position":"","_kad_post_header":false,"_kad_post_footer":false,"footnotes":""},"product-type":[63],"class_list":["post-5711","product","type-product","status-publish","has-post-thumbnail","hentry","product-type-veterinari"],"acf":[],"taxonomy_info":{"product-type":[{"value":63,"label":"Veterinari"}]},"featured_image_src_large":["https:\/\/www.adclofent.com\/wp-content\/uploads\/2023\/05\/4.1.-ORTOPEDIA-ANIMAL-768x1024.jpg",768,1024,true],"author_info":[],"comment_info":"","_links":{"self":[{"href":"https:\/\/www.adclofent.com\/ca\/wp-json\/wp\/v2\/product\/5711","targetHints":{"allow":["GET"]}}],"collection":[{"href":"https:\/\/www.adclofent.com\/ca\/wp-json\/wp\/v2\/product"}],"about":[{"href":"https:\/\/www.adclofent.com\/ca\/wp-json\/wp\/v2\/types\/product"}],"version-history":[{"count":1,"href":"https:\/\/www.adclofent.com\/ca\/wp-json\/wp\/v2\/product\/5711\/revisions"}],"predecessor-version":[{"id":5714,"href":"https:\/\/www.adclofent.com\/ca\/wp-json\/wp\/v2\/product\/5711\/revisions\/5714"}],"up":[{"embeddable":true,"href":"https:\/\/www.adclofent.com\/ca\/wp-json\/wp\/v2\/product\/5706"}],"wp:featuredmedia":[{"embeddable":true,"href":"https:\/\/www.adclofent.com\/ca\/wp-json\/wp\/v2\/media\/5995"}],"wp:attachment":[{"href":"https:\/\/www.adclofent.com\/ca\/wp-json\/wp\/v2\/media?parent=5711"}],"wp:term":[{"taxonomy":"product-type","embeddable":true,"href":"https:\/\/www.adclofent.com\/ca\/wp-json\/wp\/v2\/product-type?post=5711"}],"curies":[{"name":"wp","href":"https:\/\/api.w.org\/{rel}","templated":true}]}}