{"id":5700,"date":"2023-06-29T11:49:02","date_gmt":"2023-06-29T09:49:02","guid":{"rendered":"https:\/\/acf.mmkt.dev\/?post_type=product&#038;p=5700"},"modified":"2023-06-29T11:49:03","modified_gmt":"2023-06-29T09:49:03","slug":"protectors","status":"publish","type":"product","link":"https:\/\/www.adclofent.com\/ca\/product\/prevencio\/protectors\/","title":{"rendered":"Protectors"},"content":{"rendered":"\n<p>Per a qualsevol producte de prevenci\u00f3 i protecci\u00f3 laboral, no dubteu a comptar amb nosaltres per tots aquells complements t\u00e8xtils protectors que necessiteu: <strong>cintes el\u00e0stiques o r\u00edgides, de composicions variades, elasticitats i compressions ajustables, adher\u00e8ncia o resist\u00e8ncia al Velcro\u00ae segons all\u00f2 que busqueu&#8230;<\/strong><\/p>\n\n\n\n<p>Dins del nostre portfolio <strong>disposem de m\u00e9s de 3.000 articles<\/strong> entre els quals trobareu les cintes i teixits que encaixin millor amb el vostre projecte.<\/p>\n\n\n\n<p>A m\u00e9s a m\u00e9s, comptem amb un equip d&#8217;R+D disposat a adaptar la millor soluci\u00f3 per a vosaltres. Treballem per oferir solucions adaptades d&#8217;<strong>alta qualitat i durabilitat<\/strong>.<\/p>\n\n\n\n<p>No dubteu a consultar-nos els vostres dubtes. El nostre equip us oferir\u00e0 la millor opci\u00f3 pels vostres productes.<\/p>\n","protected":false},"featured_media":5008,"parent":5681,"menu_order":0,"template":"","meta":{"_kad_blocks_custom_css":"","_kad_blocks_head_custom_js":"","_kad_blocks_body_custom_js":"","_kad_blocks_footer_custom_js":"","_kad_post_transparent":"","_kad_post_title":"","_kad_post_layout":"","_kad_post_sidebar_id":"","_kad_post_content_style":"","_kad_post_vertical_padding":"","_kad_post_feature":"","_kad_post_feature_position":"","_kad_post_header":false,"_kad_post_footer":false,"footnotes":""},"product-type":[55],"class_list":["post-5700","product","type-product","status-publish","has-post-thumbnail","hentry","product-type-prevencio"],"acf":[],"taxonomy_info":{"product-type":[{"value":55,"label":"Prevenci\u00f3"}]},"featured_image_src_large":["https:\/\/www.adclofent.com\/wp-content\/uploads\/2023\/05\/3.4.-PROTECTORS-768x1024.jpeg",768,1024,true],"author_info":[],"comment_info":"","_links":{"self":[{"href":"https:\/\/www.adclofent.com\/ca\/wp-json\/wp\/v2\/product\/5700","targetHints":{"allow":["GET"]}}],"collection":[{"href":"https:\/\/www.adclofent.com\/ca\/wp-json\/wp\/v2\/product"}],"about":[{"href":"https:\/\/www.adclofent.com\/ca\/wp-json\/wp\/v2\/types\/product"}],"version-history":[{"count":1,"href":"https:\/\/www.adclofent.com\/ca\/wp-json\/wp\/v2\/product\/5700\/revisions"}],"predecessor-version":[{"id":5702,"href":"https:\/\/www.adclofent.com\/ca\/wp-json\/wp\/v2\/product\/5700\/revisions\/5702"}],"up":[{"embeddable":true,"href":"https:\/\/www.adclofent.com\/ca\/wp-json\/wp\/v2\/product\/5681"}],"wp:featuredmedia":[{"embeddable":true,"href":"https:\/\/www.adclofent.com\/ca\/wp-json\/wp\/v2\/media\/5008"}],"wp:attachment":[{"href":"https:\/\/www.adclofent.com\/ca\/wp-json\/wp\/v2\/media?parent=5700"}],"wp:term":[{"taxonomy":"product-type","embeddable":true,"href":"https:\/\/www.adclofent.com\/ca\/wp-json\/wp\/v2\/product-type?post=5700"}],"curies":[{"name":"wp","href":"https:\/\/api.w.org\/{rel}","templated":true}]}}