{"id":5695,"date":"2023-06-29T11:47:51","date_gmt":"2023-06-29T09:47:51","guid":{"rendered":"https:\/\/acf.mmkt.dev\/?post_type=product&#038;p=5695"},"modified":"2024-04-16T12:22:46","modified_gmt":"2024-04-16T10:22:46","slug":"teixits-ignifugs","status":"publish","type":"product","link":"https:\/\/www.adclofent.com\/ca\/product\/prevencio\/teixits-ignifugs\/","title":{"rendered":"Teixits ign\u00edfugs"},"content":{"rendered":"\n<p>Descobriu la nostra selecci\u00f3 de <strong>teixits ign\u00edfugs<\/strong>, resistents al foc.<\/p>\n\n\n\n<p>Per la secci\u00f3 de disseny de teixits destinats als productes de prevenci\u00f3 laboral, <strong>la seguretat \u00e9s la nostra prioritat<\/strong>.<\/p>\n\n\n\n<p>En aquest cas i per certs llocs de treball de risc, sabem que la <strong>protecci\u00f3 contra incendis<\/strong> \u00e9s crucial. \u00c9s per aix\u00f2 que oferim productes d&#8217;alta qualitat amb la finalitat de protegir les persones i els materials <strong>en situacions d&#8217;alt risc a causa de la proximitat al foc<\/strong>.<\/p>\n\n\n\n<p>Els teixits ign\u00edfugs poden ser utilitzats en <strong>roba de treball, cortines, tapisseria, entre altres productes t\u00e8xtils.<\/strong><\/p>\n\n\n\n<p>Consulteu amb els nostres enginyers com podem ajudar-vos a crear els productes amb majors capacitats de protecci\u00f3 i prevenci\u00f3 laboral.<\/p>\n","protected":false},"featured_media":5002,"parent":5681,"menu_order":0,"template":"","meta":{"_kad_blocks_custom_css":"","_kad_blocks_head_custom_js":"","_kad_blocks_body_custom_js":"","_kad_blocks_footer_custom_js":"","_kad_post_transparent":"","_kad_post_title":"","_kad_post_layout":"","_kad_post_sidebar_id":"","_kad_post_content_style":"","_kad_post_vertical_padding":"","_kad_post_feature":"","_kad_post_feature_position":"","_kad_post_header":false,"_kad_post_footer":false,"footnotes":""},"product-type":[55],"class_list":["post-5695","product","type-product","status-publish","has-post-thumbnail","hentry","product-type-prevencio"],"acf":[],"taxonomy_info":{"product-type":[{"value":55,"label":"Prevenci\u00f3"}]},"featured_image_src_large":["https:\/\/www.adclofent.com\/wp-content\/uploads\/2023\/05\/3.3.-INGNIFUGS-768x1024.jpeg",768,1024,true],"author_info":[],"comment_info":"","_links":{"self":[{"href":"https:\/\/www.adclofent.com\/ca\/wp-json\/wp\/v2\/product\/5695","targetHints":{"allow":["GET"]}}],"collection":[{"href":"https:\/\/www.adclofent.com\/ca\/wp-json\/wp\/v2\/product"}],"about":[{"href":"https:\/\/www.adclofent.com\/ca\/wp-json\/wp\/v2\/types\/product"}],"version-history":[{"count":1,"href":"https:\/\/www.adclofent.com\/ca\/wp-json\/wp\/v2\/product\/5695\/revisions"}],"predecessor-version":[{"id":5697,"href":"https:\/\/www.adclofent.com\/ca\/wp-json\/wp\/v2\/product\/5695\/revisions\/5697"}],"up":[{"embeddable":true,"href":"https:\/\/www.adclofent.com\/ca\/wp-json\/wp\/v2\/product\/5681"}],"wp:featuredmedia":[{"embeddable":true,"href":"https:\/\/www.adclofent.com\/ca\/wp-json\/wp\/v2\/media\/5002"}],"wp:attachment":[{"href":"https:\/\/www.adclofent.com\/ca\/wp-json\/wp\/v2\/media?parent=5695"}],"wp:term":[{"taxonomy":"product-type","embeddable":true,"href":"https:\/\/www.adclofent.com\/ca\/wp-json\/wp\/v2\/product-type?post=5695"}],"curies":[{"name":"wp","href":"https:\/\/api.w.org\/{rel}","templated":true}]}}