{"id":5690,"date":"2023-06-29T11:46:37","date_gmt":"2023-06-29T09:46:37","guid":{"rendered":"https:\/\/acf.mmkt.dev\/?post_type=product&#038;p=5690"},"modified":"2023-06-29T11:46:38","modified_gmt":"2023-06-29T09:46:38","slug":"teixits-reflectants","status":"publish","type":"product","link":"https:\/\/www.adclofent.com\/ca\/product\/prevencio\/teixits-reflectants\/","title":{"rendered":"Teixits reflectants"},"content":{"rendered":"\n<p>Brilleu en la foscor i estigueu segurs amb la nostra selecci\u00f3 de cintes reflectants per a qualsevol projecte o activitat.<\/p>\n\n\n\n<p>Els teixits reflectants de prevenci\u00f3 laboral s\u00f3n teixits dissenyats per<strong> millorar la visibilitat del treballador en entorns de poca llum o de nit, <\/strong>permet ser vist a una major dist\u00e0ncia, i d\u2019aquesta manera evitar possibles accidents.<\/p>\n\n\n\n<p>M\u00e9s enll\u00e0 de poder adaptar-nos al color que necessiteu pel vostre producte de prevenci\u00f3 laboral, el nostre equip d&#8217;R+D treballar\u00e0 d&#8217;acord amb els vostres dissenyadors per afegir els teixits reflectants que calguin i <strong>millorar les condicions de<\/strong> <strong>seguretat<\/strong> de les persones que treballen en llocs de risc.<\/p>\n","protected":false},"featured_media":4993,"parent":5681,"menu_order":0,"template":"","meta":{"_kad_blocks_custom_css":"","_kad_blocks_head_custom_js":"","_kad_blocks_body_custom_js":"","_kad_blocks_footer_custom_js":"","_kad_post_transparent":"","_kad_post_title":"","_kad_post_layout":"","_kad_post_sidebar_id":"","_kad_post_content_style":"","_kad_post_vertical_padding":"","_kad_post_feature":"","_kad_post_feature_position":"","_kad_post_header":false,"_kad_post_footer":false,"footnotes":""},"product-type":[55],"class_list":["post-5690","product","type-product","status-publish","has-post-thumbnail","hentry","product-type-prevencio"],"acf":[],"taxonomy_info":{"product-type":[{"value":55,"label":"Prevenci\u00f3"}]},"featured_image_src_large":["https:\/\/www.adclofent.com\/wp-content\/uploads\/2023\/05\/3.2.-REFLECTANTS-768x1024.jpeg",768,1024,true],"author_info":[],"comment_info":"","_links":{"self":[{"href":"https:\/\/www.adclofent.com\/ca\/wp-json\/wp\/v2\/product\/5690","targetHints":{"allow":["GET"]}}],"collection":[{"href":"https:\/\/www.adclofent.com\/ca\/wp-json\/wp\/v2\/product"}],"about":[{"href":"https:\/\/www.adclofent.com\/ca\/wp-json\/wp\/v2\/types\/product"}],"version-history":[{"count":1,"href":"https:\/\/www.adclofent.com\/ca\/wp-json\/wp\/v2\/product\/5690\/revisions"}],"predecessor-version":[{"id":5693,"href":"https:\/\/www.adclofent.com\/ca\/wp-json\/wp\/v2\/product\/5690\/revisions\/5693"}],"up":[{"embeddable":true,"href":"https:\/\/www.adclofent.com\/ca\/wp-json\/wp\/v2\/product\/5681"}],"wp:featuredmedia":[{"embeddable":true,"href":"https:\/\/www.adclofent.com\/ca\/wp-json\/wp\/v2\/media\/4993"}],"wp:attachment":[{"href":"https:\/\/www.adclofent.com\/ca\/wp-json\/wp\/v2\/media?parent=5690"}],"wp:term":[{"taxonomy":"product-type","embeddable":true,"href":"https:\/\/www.adclofent.com\/ca\/wp-json\/wp\/v2\/product-type?post=5690"}],"curies":[{"name":"wp","href":"https:\/\/api.w.org\/{rel}","templated":true}]}}