{"id":5685,"date":"2023-06-29T11:45:34","date_gmt":"2023-06-29T09:45:34","guid":{"rendered":"https:\/\/acf.mmkt.dev\/?post_type=product&#038;p=5685"},"modified":"2024-05-23T11:16:25","modified_gmt":"2024-05-23T09:16:25","slug":"faixes-laborals","status":"publish","type":"product","link":"https:\/\/www.adclofent.com\/ca\/product\/prevencio\/faixes-laborals\/","title":{"rendered":"Faixes laborals"},"content":{"rendered":"\n<p>Els nostres teixits el\u00e0stics utilitzats en<strong> faixes de prevenci\u00f3 laboral tenen una alta compressi\u00f3 i adaptabilitat<\/strong>.<\/p>\n\n\n\n<p>Les faixes laborals serveixen principalment per protegir-se de<strong> lesions de tipus lumbar<\/strong> i <strong>muscular <\/strong>en general, i en mantenir l&#8217;esquena recta en realitzar qualsevol moviment. Evita for\u00e7ar els m\u00fasculs lumbars o abdominals en el moment de dur a terme qualsevol esfor\u00e7.<\/p>\n\n\n\n<p>Totes aquestes aplicacions i beneficis es poden garantir a l&#8217;hora d&#8217;usar els nostres teixits com a base de la faixa gr\u00e0cies al seu disseny, estructura, compressi\u00f3 i propietats.<\/p>\n\n\n\n<p><strong>Podrem adaptar-nos segons les necessitats i propostes de disseny, en quant a colors, amplades o caracter\u00edstiques<\/strong>. Contacteu amb nosaltres si voleu m\u00e9s informaci\u00f3.<\/p>\n\n\n\n<p>A m\u00e9s a m\u00e9s, a AdC podreu trobar diferents s\u00e8ries en teixits el\u00e0stics transpirables i teixits el\u00e0stics compactes que s&#8217;adaptin millor al vostre producte.<\/p>\n","protected":false},"featured_media":4987,"parent":5681,"menu_order":0,"template":"","meta":{"_kad_blocks_custom_css":"","_kad_blocks_head_custom_js":"","_kad_blocks_body_custom_js":"","_kad_blocks_footer_custom_js":"","_kad_post_transparent":"","_kad_post_title":"","_kad_post_layout":"","_kad_post_sidebar_id":"","_kad_post_content_style":"","_kad_post_vertical_padding":"","_kad_post_feature":"","_kad_post_feature_position":"","_kad_post_header":false,"_kad_post_footer":false,"footnotes":""},"product-type":[55],"class_list":["post-5685","product","type-product","status-publish","has-post-thumbnail","hentry","product-type-prevencio"],"acf":[],"taxonomy_info":{"product-type":[{"value":55,"label":"Prevenci\u00f3"}]},"featured_image_src_large":["https:\/\/www.adclofent.com\/wp-content\/uploads\/2023\/05\/3.1.-FAIXES-LABORALS-768x1024.jpeg",768,1024,true],"author_info":[],"comment_info":"","_links":{"self":[{"href":"https:\/\/www.adclofent.com\/ca\/wp-json\/wp\/v2\/product\/5685","targetHints":{"allow":["GET"]}}],"collection":[{"href":"https:\/\/www.adclofent.com\/ca\/wp-json\/wp\/v2\/product"}],"about":[{"href":"https:\/\/www.adclofent.com\/ca\/wp-json\/wp\/v2\/types\/product"}],"version-history":[{"count":1,"href":"https:\/\/www.adclofent.com\/ca\/wp-json\/wp\/v2\/product\/5685\/revisions"}],"predecessor-version":[{"id":5688,"href":"https:\/\/www.adclofent.com\/ca\/wp-json\/wp\/v2\/product\/5685\/revisions\/5688"}],"up":[{"embeddable":true,"href":"https:\/\/www.adclofent.com\/ca\/wp-json\/wp\/v2\/product\/5681"}],"wp:featuredmedia":[{"embeddable":true,"href":"https:\/\/www.adclofent.com\/ca\/wp-json\/wp\/v2\/media\/4987"}],"wp:attachment":[{"href":"https:\/\/www.adclofent.com\/ca\/wp-json\/wp\/v2\/media?parent=5685"}],"wp:term":[{"taxonomy":"product-type","embeddable":true,"href":"https:\/\/www.adclofent.com\/ca\/wp-json\/wp\/v2\/product-type?post=5685"}],"curies":[{"name":"wp","href":"https:\/\/api.w.org\/{rel}","templated":true}]}}