{"id":5681,"date":"2023-06-29T11:44:32","date_gmt":"2023-06-29T09:44:32","guid":{"rendered":"https:\/\/acf.mmkt.dev\/?post_type=product&#038;p=5681"},"modified":"2024-03-28T09:55:07","modified_gmt":"2024-03-28T08:55:07","slug":"prevencio","status":"publish","type":"product","link":"https:\/\/www.adclofent.com\/ca\/product\/prevencio\/","title":{"rendered":"Prevenci\u00f3"},"content":{"rendered":"\n<p>Els <strong>teixits de prevenci\u00f3 laboral<\/strong> s\u00f3n teixits especialment dissenyats i fabricatsper desenvolupar productes que ofereixin<strong> protecci\u00f3 i seguretat <\/strong>en entorns de treball.<\/p>\n\n\n\n<p>Gr\u00e0cies a la const\u00e0ncia del nostre departament d&#8217;R+D, proporcionarem el teixit que m\u00e9s s&#8217;adapti a les vostres idees de producte, incloent-hi els <strong>teixits amb propietats especials com els ign\u00edfugs, reflectants o protectors.<\/strong><\/p>\n\n\n\n<p>Tots els teixits dissenyats amb la fi de la prevenci\u00f3 laboral per Artesana de Clofent, tenen caracter\u00edstiques de <strong>transpirabilitat i confort<\/strong>, que asseguren la comoditat durant llargues jornades de treball.<\/p>\n\n\n\n<p>Treballem per oferir solucions adaptades d&#8217;alta qualitat i durabilitat.<\/p>\n\n\n\n<p>No dubteu a consultar-nos els vostres dubtes. El nostre equip us oferir\u00e0 la millor opci\u00f3 per al vostre producte.<\/p>\n","protected":false},"featured_media":4981,"parent":0,"menu_order":0,"template":"","meta":{"_kad_blocks_custom_css":"","_kad_blocks_head_custom_js":"","_kad_blocks_body_custom_js":"","_kad_blocks_footer_custom_js":"","_kad_post_transparent":"","_kad_post_title":"","_kad_post_layout":"","_kad_post_sidebar_id":"","_kad_post_content_style":"","_kad_post_vertical_padding":"","_kad_post_feature":"","_kad_post_feature_position":"","_kad_post_header":false,"_kad_post_footer":false,"footnotes":""},"product-type":[55],"class_list":["post-5681","product","type-product","status-publish","has-post-thumbnail","hentry","product-type-prevencio"],"acf":[],"taxonomy_info":{"product-type":[{"value":55,"label":"Prevenci\u00f3"}]},"featured_image_src_large":["https:\/\/www.adclofent.com\/wp-content\/uploads\/2023\/05\/3.-PREVENCIO-768x1024.jpeg",768,1024,true],"author_info":[],"comment_info":"","_links":{"self":[{"href":"https:\/\/www.adclofent.com\/ca\/wp-json\/wp\/v2\/product\/5681","targetHints":{"allow":["GET"]}}],"collection":[{"href":"https:\/\/www.adclofent.com\/ca\/wp-json\/wp\/v2\/product"}],"about":[{"href":"https:\/\/www.adclofent.com\/ca\/wp-json\/wp\/v2\/types\/product"}],"version-history":[{"count":1,"href":"https:\/\/www.adclofent.com\/ca\/wp-json\/wp\/v2\/product\/5681\/revisions"}],"predecessor-version":[{"id":5684,"href":"https:\/\/www.adclofent.com\/ca\/wp-json\/wp\/v2\/product\/5681\/revisions\/5684"}],"wp:featuredmedia":[{"embeddable":true,"href":"https:\/\/www.adclofent.com\/ca\/wp-json\/wp\/v2\/media\/4981"}],"wp:attachment":[{"href":"https:\/\/www.adclofent.com\/ca\/wp-json\/wp\/v2\/media?parent=5681"}],"wp:term":[{"taxonomy":"product-type","embeddable":true,"href":"https:\/\/www.adclofent.com\/ca\/wp-json\/wp\/v2\/product-type?post=5681"}],"curies":[{"name":"wp","href":"https:\/\/api.w.org\/{rel}","templated":true}]}}