{"id":5677,"date":"2023-06-29T11:43:25","date_gmt":"2023-06-29T09:43:25","guid":{"rendered":"https:\/\/acf.mmkt.dev\/?post_type=product&#038;p=5677"},"modified":"2023-06-29T11:43:27","modified_gmt":"2023-06-29T09:43:27","slug":"masqueres-desqui-i-moto","status":"publish","type":"product","link":"https:\/\/www.adclofent.com\/ca\/product\/esport\/masqueres-desqui-i-moto\/","title":{"rendered":"M\u00e0squeres d&#8217;esqu\u00ed i moto"},"content":{"rendered":"\n<p>Protegiu la passi\u00f3 per la velocitat amb les nostres cintes per a m\u00e0scares de moto, d&#8217;esqu\u00ed, entre d&#8217;altres.<\/p>\n\n\n\n<p>Les nostres <strong>cintes dissenyades per complementar les m\u00e0scares d&#8217;esport<\/strong>, ofereixen diversitat de colors, amplades, estructures i composicions, adaptant-nos sempre al que demani el vostre client i consumidor final.<\/p>\n\n\n\n<p>Utilitzant la <strong>base de poli\u00e8ster<\/strong> tindreu la possibilitat de serigrafiar, per tant, \u00e9s una <strong>cinta<\/strong> que pot ser <strong>personalitzada<\/strong> al vostre gust.<\/p>\n\n\n\n<p>La seva composici\u00f3 <strong>minimitza el risc d&#8217;al\u00b7l\u00e8rgies<\/strong> en contacte directe amb la pell.<\/p>\n","protected":false},"featured_media":4969,"parent":5407,"menu_order":0,"template":"","meta":{"_kad_blocks_custom_css":"","_kad_blocks_head_custom_js":"","_kad_blocks_body_custom_js":"","_kad_blocks_footer_custom_js":"","_kad_post_transparent":"","_kad_post_title":"","_kad_post_layout":"","_kad_post_sidebar_id":"","_kad_post_content_style":"","_kad_post_vertical_padding":"","_kad_post_feature":"","_kad_post_feature_position":"","_kad_post_header":false,"_kad_post_footer":false,"footnotes":""},"product-type":[59],"class_list":["post-5677","product","type-product","status-publish","has-post-thumbnail","hentry","product-type-esport"],"acf":[],"taxonomy_info":{"product-type":[{"value":59,"label":"Esport"}]},"featured_image_src_large":["https:\/\/www.adclofent.com\/wp-content\/uploads\/2023\/05\/2.5.-MASCARES-DESQUI-I-MOTO-768x1024.jpeg",768,1024,true],"author_info":[],"comment_info":"","_links":{"self":[{"href":"https:\/\/www.adclofent.com\/ca\/wp-json\/wp\/v2\/product\/5677","targetHints":{"allow":["GET"]}}],"collection":[{"href":"https:\/\/www.adclofent.com\/ca\/wp-json\/wp\/v2\/product"}],"about":[{"href":"https:\/\/www.adclofent.com\/ca\/wp-json\/wp\/v2\/types\/product"}],"version-history":[{"count":1,"href":"https:\/\/www.adclofent.com\/ca\/wp-json\/wp\/v2\/product\/5677\/revisions"}],"predecessor-version":[{"id":5679,"href":"https:\/\/www.adclofent.com\/ca\/wp-json\/wp\/v2\/product\/5677\/revisions\/5679"}],"up":[{"embeddable":true,"href":"https:\/\/www.adclofent.com\/ca\/wp-json\/wp\/v2\/product\/5407"}],"wp:featuredmedia":[{"embeddable":true,"href":"https:\/\/www.adclofent.com\/ca\/wp-json\/wp\/v2\/media\/4969"}],"wp:attachment":[{"href":"https:\/\/www.adclofent.com\/ca\/wp-json\/wp\/v2\/media?parent=5677"}],"wp:term":[{"taxonomy":"product-type","embeddable":true,"href":"https:\/\/www.adclofent.com\/ca\/wp-json\/wp\/v2\/product-type?post=5677"}],"curies":[{"name":"wp","href":"https:\/\/api.w.org\/{rel}","templated":true}]}}