{"id":5673,"date":"2023-06-29T11:33:18","date_gmt":"2023-06-29T09:33:18","guid":{"rendered":"https:\/\/acf.mmkt.dev\/?post_type=product&#038;p=5673"},"modified":"2024-04-23T15:27:11","modified_gmt":"2024-04-23T13:27:11","slug":"calcat","status":"publish","type":"product","link":"https:\/\/www.adclofent.com\/ca\/product\/esport\/calcat\/","title":{"rendered":"Cal\u00e7at"},"content":{"rendered":"\n<p>Les nostres <strong>cintes compactes ideals per cal\u00e7at<\/strong> presenten elasticitat per\u00f2 sense perdre compressi\u00f3. Tenen una <strong>alta resist\u00e8ncia que garanteix una llarga durabilitat al producte final<\/strong>.<\/p>\n\n\n\n<p>Consulteu la <strong>diversitat<\/strong> de les nostres cintes el\u00e0stiques per a cal\u00e7at <strong>per colors o b\u00e9 per<\/strong> <strong>amplada<\/strong>. Podem oferir <strong>diferents tipus d&#8217;acabats i dureses<\/strong>.<\/p>\n\n\n\n<p>Depenent del que necessiteu pel vostre producte, us oferim <strong>teixits<\/strong> amb m\u00e9s o menys <strong>adher\u00e8ncia a les cintes Velcro\u00ae<\/strong>. Aix\u00ed com l&#8217;elasticitat i compressi\u00f3 que busqueu, per tal de fer el vostre producte m\u00e9s adaptable al peu.<\/p>\n","protected":false},"featured_media":4961,"parent":5407,"menu_order":0,"template":"","meta":{"_kad_blocks_custom_css":"","_kad_blocks_head_custom_js":"","_kad_blocks_body_custom_js":"","_kad_blocks_footer_custom_js":"","_kad_post_transparent":"","_kad_post_title":"","_kad_post_layout":"","_kad_post_sidebar_id":"","_kad_post_content_style":"","_kad_post_vertical_padding":"","_kad_post_feature":"","_kad_post_feature_position":"","_kad_post_header":false,"_kad_post_footer":false,"footnotes":""},"product-type":[59],"class_list":["post-5673","product","type-product","status-publish","has-post-thumbnail","hentry","product-type-esport"],"acf":[],"taxonomy_info":{"product-type":[{"value":59,"label":"Esport"}]},"featured_image_src_large":["https:\/\/www.adclofent.com\/wp-content\/uploads\/2023\/05\/2.4.-CALCAT-768x1024.jpeg",768,1024,true],"author_info":[],"comment_info":"","_links":{"self":[{"href":"https:\/\/www.adclofent.com\/ca\/wp-json\/wp\/v2\/product\/5673","targetHints":{"allow":["GET"]}}],"collection":[{"href":"https:\/\/www.adclofent.com\/ca\/wp-json\/wp\/v2\/product"}],"about":[{"href":"https:\/\/www.adclofent.com\/ca\/wp-json\/wp\/v2\/types\/product"}],"version-history":[{"count":1,"href":"https:\/\/www.adclofent.com\/ca\/wp-json\/wp\/v2\/product\/5673\/revisions"}],"predecessor-version":[{"id":5676,"href":"https:\/\/www.adclofent.com\/ca\/wp-json\/wp\/v2\/product\/5673\/revisions\/5676"}],"up":[{"embeddable":true,"href":"https:\/\/www.adclofent.com\/ca\/wp-json\/wp\/v2\/product\/5407"}],"wp:featuredmedia":[{"embeddable":true,"href":"https:\/\/www.adclofent.com\/ca\/wp-json\/wp\/v2\/media\/4961"}],"wp:attachment":[{"href":"https:\/\/www.adclofent.com\/ca\/wp-json\/wp\/v2\/media?parent=5673"}],"wp:term":[{"taxonomy":"product-type","embeddable":true,"href":"https:\/\/www.adclofent.com\/ca\/wp-json\/wp\/v2\/product-type?post=5673"}],"curies":[{"name":"wp","href":"https:\/\/api.w.org\/{rel}","templated":true}]}}