{"id":5669,"date":"2023-06-29T11:32:26","date_gmt":"2023-06-29T09:32:26","guid":{"rendered":"https:\/\/acf.mmkt.dev\/?post_type=product&#038;p=5669"},"modified":"2024-04-16T12:31:09","modified_gmt":"2024-04-16T10:31:09","slug":"bany","status":"publish","type":"product","link":"https:\/\/www.adclofent.com\/ca\/product\/esport\/bany\/","title":{"rendered":"Bany"},"content":{"rendered":"\n<p>Entre els nostres materials, trobareu <strong>cintes tipus neopr\u00e8<\/strong> o amb la finalitat d&#8217;estar en <strong>contacte amb l&#8217;aigua<\/strong>, per\u00f2 amb un <strong>r\u00e0pid assecatge<\/strong>. S\u00f3n cintes perfectes per a incloure en els vostres productes de bany.<\/p>\n\n\n\n<p>Oferim una \u00e0mplia selecci\u00f3 de teixits pensats per estar en contacte amb la pell, amb una composici\u00f3 que <strong>redueix els possibles riscs d&#8217;al\u00b7l\u00e8rgia<\/strong>.<\/p>\n\n\n\n<p>Aquestes cintes d&#8217;alta qualitat proporcionen una <strong>comoditat<\/strong> excepcional als productes de bany, amb l&#8217;objectiu de satisfer les necessitats de <strong>durabilitat <\/strong>i<strong> suavitat <\/strong>al tacte.<\/p>\n\n\n\n<p>Les trobareu disponibles en diversos colors i amplades.<\/p>\n","protected":false},"featured_media":4955,"parent":5407,"menu_order":0,"template":"","meta":{"_kad_blocks_custom_css":"","_kad_blocks_head_custom_js":"","_kad_blocks_body_custom_js":"","_kad_blocks_footer_custom_js":"","_kad_post_transparent":"","_kad_post_title":"","_kad_post_layout":"","_kad_post_sidebar_id":"","_kad_post_content_style":"","_kad_post_vertical_padding":"","_kad_post_feature":"","_kad_post_feature_position":"","_kad_post_header":false,"_kad_post_footer":false,"footnotes":""},"product-type":[59],"class_list":["post-5669","product","type-product","status-publish","has-post-thumbnail","hentry","product-type-esport"],"acf":[],"taxonomy_info":{"product-type":[{"value":59,"label":"Esport"}]},"featured_image_src_large":["https:\/\/www.adclofent.com\/wp-content\/uploads\/2023\/05\/2.3.-BANY-768x1024.jpeg",768,1024,true],"author_info":[],"comment_info":"","_links":{"self":[{"href":"https:\/\/www.adclofent.com\/ca\/wp-json\/wp\/v2\/product\/5669","targetHints":{"allow":["GET"]}}],"collection":[{"href":"https:\/\/www.adclofent.com\/ca\/wp-json\/wp\/v2\/product"}],"about":[{"href":"https:\/\/www.adclofent.com\/ca\/wp-json\/wp\/v2\/types\/product"}],"version-history":[{"count":1,"href":"https:\/\/www.adclofent.com\/ca\/wp-json\/wp\/v2\/product\/5669\/revisions"}],"predecessor-version":[{"id":5672,"href":"https:\/\/www.adclofent.com\/ca\/wp-json\/wp\/v2\/product\/5669\/revisions\/5672"}],"up":[{"embeddable":true,"href":"https:\/\/www.adclofent.com\/ca\/wp-json\/wp\/v2\/product\/5407"}],"wp:featuredmedia":[{"embeddable":true,"href":"https:\/\/www.adclofent.com\/ca\/wp-json\/wp\/v2\/media\/4955"}],"wp:attachment":[{"href":"https:\/\/www.adclofent.com\/ca\/wp-json\/wp\/v2\/media?parent=5669"}],"wp:term":[{"taxonomy":"product-type","embeddable":true,"href":"https:\/\/www.adclofent.com\/ca\/wp-json\/wp\/v2\/product-type?post=5669"}],"curies":[{"name":"wp","href":"https:\/\/api.w.org\/{rel}","templated":true}]}}