{"id":5664,"date":"2023-06-29T11:31:10","date_gmt":"2023-06-29T09:31:10","guid":{"rendered":"https:\/\/acf.mmkt.dev\/?post_type=product&#038;p=5664"},"modified":"2024-04-16T12:17:51","modified_gmt":"2024-04-16T10:17:51","slug":"prevencio","status":"publish","type":"product","link":"https:\/\/www.adclofent.com\/ca\/product\/esport\/prevencio\/","title":{"rendered":"Prevenci\u00f3"},"content":{"rendered":"\n<p>Per a tots aquells esports i activitats f\u00edsiques que requereixen <strong>productes de prevenci\u00f3<\/strong>, com per exemple: <strong>faixes, genolleres, canelleres,<\/strong> entre d&#8217;altres, Artesana de Clofent t\u00e9 dins del seu portfolio els <strong>teixits<\/strong> <strong>t\u00e8cnics de prevenci\u00f3<\/strong> ideals.<\/p>\n\n\n\n<p><strong>Teixits d&#8217;alta qualitat i compressi\u00f3<\/strong> que, gr\u00e0cies a la seva alta <strong>adaptabilitat<\/strong> s&#8217;ajustaran a les necessitats del cos i del producte.<\/p>\n\n\n\n<p>Els riscs d&#8217;al\u00b7l\u00e8rgia estan minimitzats gr\u00e0cies a la mat\u00e8ria primera utilitzada, a m\u00e9s de proporcionar caracter\u00edstiques i propietats als teixits com ara <strong>termoregulaci\u00f3, alta transpirabilitat i subjecci\u00f3 id\u00f2nia<\/strong>.<\/p>\n\n\n\n<p>Les estructures dissenyades tamb\u00e9 donen l&#8217;oportunitat d&#8217;adaptar-se a cada persona, amb la qual cosa, podreu fer el vostre producte m\u00e9s polivalent.<\/p>\n","protected":false},"featured_media":4947,"parent":5407,"menu_order":0,"template":"","meta":{"_kad_blocks_custom_css":"","_kad_blocks_head_custom_js":"","_kad_blocks_body_custom_js":"","_kad_blocks_footer_custom_js":"","_kad_post_transparent":"","_kad_post_title":"","_kad_post_layout":"","_kad_post_sidebar_id":"","_kad_post_content_style":"","_kad_post_vertical_padding":"","_kad_post_feature":"","_kad_post_feature_position":"","_kad_post_header":false,"_kad_post_footer":false,"footnotes":""},"product-type":[59],"class_list":["post-5664","product","type-product","status-publish","has-post-thumbnail","hentry","product-type-esport"],"acf":[],"taxonomy_info":{"product-type":[{"value":59,"label":"Esport"}]},"featured_image_src_large":["https:\/\/www.adclofent.com\/wp-content\/uploads\/2023\/05\/2.2.-PREVENCIO-1024x880.jpg",1024,880,true],"author_info":[],"comment_info":"","_links":{"self":[{"href":"https:\/\/www.adclofent.com\/ca\/wp-json\/wp\/v2\/product\/5664","targetHints":{"allow":["GET"]}}],"collection":[{"href":"https:\/\/www.adclofent.com\/ca\/wp-json\/wp\/v2\/product"}],"about":[{"href":"https:\/\/www.adclofent.com\/ca\/wp-json\/wp\/v2\/types\/product"}],"version-history":[{"count":1,"href":"https:\/\/www.adclofent.com\/ca\/wp-json\/wp\/v2\/product\/5664\/revisions"}],"predecessor-version":[{"id":5668,"href":"https:\/\/www.adclofent.com\/ca\/wp-json\/wp\/v2\/product\/5664\/revisions\/5668"}],"up":[{"embeddable":true,"href":"https:\/\/www.adclofent.com\/ca\/wp-json\/wp\/v2\/product\/5407"}],"wp:featuredmedia":[{"embeddable":true,"href":"https:\/\/www.adclofent.com\/ca\/wp-json\/wp\/v2\/media\/4947"}],"wp:attachment":[{"href":"https:\/\/www.adclofent.com\/ca\/wp-json\/wp\/v2\/media?parent=5664"}],"wp:term":[{"taxonomy":"product-type","embeddable":true,"href":"https:\/\/www.adclofent.com\/ca\/wp-json\/wp\/v2\/product-type?post=5664"}],"curies":[{"name":"wp","href":"https:\/\/api.w.org\/{rel}","templated":true}]}}