{"id":5407,"date":"2023-05-23T23:42:10","date_gmt":"2023-05-23T21:42:10","guid":{"rendered":"https:\/\/acf.mmkt.dev\/?post_type=product&#038;p=5407"},"modified":"2024-05-23T10:20:42","modified_gmt":"2024-05-23T08:20:42","slug":"esport","status":"publish","type":"product","link":"https:\/\/www.adclofent.com\/ca\/product\/esport\/","title":{"rendered":"Esport"},"content":{"rendered":"\n<p>A Artesana de Clofent, trobareu <strong>teixits t\u00e8cnics per a esports<\/strong> que es caracteritzen per la seva <strong>lleugeresa, comoditat, suavitat, compressi\u00f3 i transpirabilitat<\/strong>. Tenim una \u00e0mplia varietat d&#8217;opcions, incloent-hi teixits termoreguladors, microfibres i teixits de f\u00e0cil assecatge.<\/p>\n\n\n\n<p>Hi ha una gran diversitat d\u2019ortesis per la prevenci\u00f3 i recuperaci\u00f3 de lesions esportives en zones com el colze, canell i genoll. La qualitat i efic\u00e0cia d\u2019aquest tipus d\u2019articles ortop\u00e8dics, ve determinada pel teixit el\u00e0stic utilitzat en la seva fabricaci\u00f3, per les mat\u00e8ries primeres i pels acabats del mateix teixit.<\/p>\n\n\n\n<p>Dins del nostre portfolio trobareu una gran varietat de <strong>teixits el\u00e0stics i teixits r\u00edgids<\/strong> que us ajudaran a elaborar o complementar la vostra canellera, colzera o genollera, adaptant-se perfectament i amb l\u2019objectiu d\u2019<strong>eliminar la tensi\u00f3 <\/strong>i <strong>alleujar el dolor<\/strong>.<\/p>\n\n\n\n<p>Tamb\u00e9 hi ha <strong>teixits tipus \u201cLoops\u201d el\u00e0stics que faciliten l\u2019adher\u00e8ncia de les cintes per contacte d\u2019autotancament<\/strong> i l\u2019adher\u00e8ncia a les cintes tipus Velcro\u00ae. Aix\u00ed com teixits que complementen els productes de tricotosa, donant la compressi\u00f3 id\u00f2nia que necessiten els vostres productes.<\/p>\n\n\n\n<p>AdC \u00e9s especialista en la fabricaci\u00f3 de teixits el\u00e0stics i cintes per a esports, des d&#8217;amples <strong>de 5 mm fins a 600 mm<\/strong>, a m\u00e9s a m\u00e9s de cordons tant el\u00e0stics com r\u00edgids. &nbsp;Consulteu amb el nostre equip per trobar la millor opci\u00f3 per al vostre producte.<\/p>\n","protected":false},"featured_media":4930,"parent":0,"menu_order":0,"template":"","meta":{"_kad_blocks_custom_css":"","_kad_blocks_head_custom_js":"","_kad_blocks_body_custom_js":"","_kad_blocks_footer_custom_js":"","_kad_post_transparent":"","_kad_post_title":"","_kad_post_layout":"","_kad_post_sidebar_id":"","_kad_post_content_style":"","_kad_post_vertical_padding":"","_kad_post_feature":"","_kad_post_feature_position":"","_kad_post_header":false,"_kad_post_footer":false,"footnotes":""},"product-type":[59],"class_list":["post-5407","product","type-product","status-publish","has-post-thumbnail","hentry","product-type-esport"],"acf":[],"taxonomy_info":{"product-type":[{"value":59,"label":"Esport"}]},"featured_image_src_large":["https:\/\/www.adclofent.com\/wp-content\/uploads\/2023\/05\/2.-ESPORT-1-768x1024.jpeg",768,1024,true],"author_info":[],"comment_info":"","_links":{"self":[{"href":"https:\/\/www.adclofent.com\/ca\/wp-json\/wp\/v2\/product\/5407","targetHints":{"allow":["GET"]}}],"collection":[{"href":"https:\/\/www.adclofent.com\/ca\/wp-json\/wp\/v2\/product"}],"about":[{"href":"https:\/\/www.adclofent.com\/ca\/wp-json\/wp\/v2\/types\/product"}],"version-history":[{"count":2,"href":"https:\/\/www.adclofent.com\/ca\/wp-json\/wp\/v2\/product\/5407\/revisions"}],"predecessor-version":[{"id":5656,"href":"https:\/\/www.adclofent.com\/ca\/wp-json\/wp\/v2\/product\/5407\/revisions\/5656"}],"wp:featuredmedia":[{"embeddable":true,"href":"https:\/\/www.adclofent.com\/ca\/wp-json\/wp\/v2\/media\/4930"}],"wp:attachment":[{"href":"https:\/\/www.adclofent.com\/ca\/wp-json\/wp\/v2\/media?parent=5407"}],"wp:term":[{"taxonomy":"product-type","embeddable":true,"href":"https:\/\/www.adclofent.com\/ca\/wp-json\/wp\/v2\/product-type?post=5407"}],"curies":[{"name":"wp","href":"https:\/\/api.w.org\/{rel}","templated":true}]}}