{"id":5403,"date":"2023-05-23T23:41:37","date_gmt":"2023-05-23T21:41:37","guid":{"rendered":"https:\/\/acf.mmkt.dev\/?post_type=product&#038;p=5403"},"modified":"2023-05-23T23:41:37","modified_gmt":"2023-05-23T21:41:37","slug":"pediatrics","status":"publish","type":"product","link":"https:\/\/www.adclofent.com\/ca\/product\/sector-medic\/pediatrics\/","title":{"rendered":"Pedi\u00e0trics"},"content":{"rendered":"\n<p>Entre jocs i carreres sabem que els m\u00e9s petits de la casa a vegades cauen o pateixen algun tipus de lesi\u00f3. Els teixits pedi\u00e0trics dissenyats pel nostre equip de professionals d&#8217;R+D tenen com a finalitat ajudar a la <strong>r\u00e0pida recuperaci\u00f3<\/strong> d&#8217;aquestes lesions perqu\u00e8 l&#8217;activitat i diversi\u00f3 dels nens no pari.<\/p>\n\n\n\n<p>Els nostres articles estan pensants per ser c\u00f2modes i tenir una <strong>funcionalitat adaptada als nens<\/strong>. A m\u00e9s a m\u00e9s, estan compostos amb mat\u00e8ries primeres que <strong>minimitzen el risc d&#8217;al\u00b7l\u00e8rgies<\/strong> en contacte directe amb la pell, proporcionant una gran suavitat.<\/p>\n\n\n\n<p>El disseny i la selecci\u00f3 de colors dels nostres teixits destinats a dispositius pedi\u00e0trics, tenen la finalitat de facilitar l&#8217;acceptaci\u00f3 del nen, d&#8217;altra banda, de respondre a les lesions o patologies que requereixin productes d&#8217;ortesis adaptats la seva dimensi\u00f3.<\/p>\n","protected":false},"featured_media":4884,"parent":5254,"menu_order":0,"template":"","meta":{"_kad_blocks_custom_css":"","_kad_blocks_head_custom_js":"","_kad_blocks_body_custom_js":"","_kad_blocks_footer_custom_js":"","_kad_post_transparent":"","_kad_post_title":"","_kad_post_layout":"","_kad_post_sidebar_id":"","_kad_post_content_style":"","_kad_post_vertical_padding":"","_kad_post_feature":"","_kad_post_feature_position":"","_kad_post_header":false,"_kad_post_footer":false,"footnotes":""},"product-type":[51],"class_list":["post-5403","product","type-product","status-publish","has-post-thumbnail","hentry","product-type-sector-medic"],"acf":[],"taxonomy_info":{"product-type":[{"value":51,"label":"Sector m\u00e8dic"}]},"featured_image_src_large":["https:\/\/www.adclofent.com\/wp-content\/uploads\/2023\/05\/1.5.-PEDIATRIA-768x1024.jpeg",768,1024,true],"author_info":[],"comment_info":"","_links":{"self":[{"href":"https:\/\/www.adclofent.com\/ca\/wp-json\/wp\/v2\/product\/5403","targetHints":{"allow":["GET"]}}],"collection":[{"href":"https:\/\/www.adclofent.com\/ca\/wp-json\/wp\/v2\/product"}],"about":[{"href":"https:\/\/www.adclofent.com\/ca\/wp-json\/wp\/v2\/types\/product"}],"version-history":[{"count":1,"href":"https:\/\/www.adclofent.com\/ca\/wp-json\/wp\/v2\/product\/5403\/revisions"}],"predecessor-version":[{"id":5405,"href":"https:\/\/www.adclofent.com\/ca\/wp-json\/wp\/v2\/product\/5403\/revisions\/5405"}],"up":[{"embeddable":true,"href":"https:\/\/www.adclofent.com\/ca\/wp-json\/wp\/v2\/product\/5254"}],"wp:featuredmedia":[{"embeddable":true,"href":"https:\/\/www.adclofent.com\/ca\/wp-json\/wp\/v2\/media\/4884"}],"wp:attachment":[{"href":"https:\/\/www.adclofent.com\/ca\/wp-json\/wp\/v2\/media?parent=5403"}],"wp:term":[{"taxonomy":"product-type","embeddable":true,"href":"https:\/\/www.adclofent.com\/ca\/wp-json\/wp\/v2\/product-type?post=5403"}],"curies":[{"name":"wp","href":"https:\/\/api.w.org\/{rel}","templated":true}]}}