{"id":5399,"date":"2023-05-23T23:40:46","date_gmt":"2023-05-23T21:40:46","guid":{"rendered":"https:\/\/acf.mmkt.dev\/?post_type=product&#038;p=5399"},"modified":"2023-06-29T11:25:18","modified_gmt":"2023-06-29T09:25:18","slug":"maternitat","status":"publish","type":"product","link":"https:\/\/www.adclofent.com\/ca\/product\/sector-medic\/maternitat\/","title":{"rendered":"Maternitat"},"content":{"rendered":"\n<p>En el cas de la maternitat, els nostres teixits estan dissenyats perproporcionar a les dones embarassades un<strong> suport per refor\u00e7ar els m\u00fasculs <\/strong>de l&#8217;esquena, la zona lumbar i de l&#8217;abdomen. Les faixes premam\u00e0 fetes amb els nostres teixits ajudaran a la futura mare a mantenir la millor postura sense renunciar a la comoditat.<\/p>\n\n\n\n<p>Sabem que cada dona i cas d\u2019embar\u00e0s s\u00f3n \u00fanics, per\u00f2 habitualment es recomana que en el postpart s&#8217;utilitzin faixes que ajudin a comprimir i alleugerar la zona abdominal per tal d&#8217;evitar la temuda di\u00e0stasi abdominal.<\/p>\n\n\n\n<p>La nostra gran experi\u00e8ncia en <strong>teixits compressius d&#8217;alta transpirabilitat<\/strong> ens permet oferir una soluci\u00f3 adient en la recuperaci\u00f3 dels m\u00fasculs de l&#8217;abdomen, s\u00f2l pelvi\u00e0 i esquena.<\/p>\n\n\n\n<p>El nostre coneixement en el m\u00f3n de l&#8217;est\u00e8tica ens capacita a dissenyar teixits que contribueixen a la<strong> reducci\u00f3 de les estries i ajuden a reafirmar la pell fl\u00e0ccida.<\/strong><\/p>\n","protected":false},"featured_media":4878,"parent":5254,"menu_order":0,"template":"","meta":{"_kad_blocks_custom_css":"","_kad_blocks_head_custom_js":"","_kad_blocks_body_custom_js":"","_kad_blocks_footer_custom_js":"","_kad_post_transparent":"","_kad_post_title":"","_kad_post_layout":"","_kad_post_sidebar_id":"","_kad_post_content_style":"","_kad_post_vertical_padding":"","_kad_post_feature":"","_kad_post_feature_position":"","_kad_post_header":false,"_kad_post_footer":false,"footnotes":""},"product-type":[51],"class_list":["post-5399","product","type-product","status-publish","has-post-thumbnail","hentry","product-type-sector-medic"],"acf":[],"taxonomy_info":{"product-type":[{"value":51,"label":"Sector m\u00e8dic"}]},"featured_image_src_large":["https:\/\/www.adclofent.com\/wp-content\/uploads\/2023\/05\/1.4.-MATERNITAT-768x1024.jpeg",768,1024,true],"author_info":[],"comment_info":"","_links":{"self":[{"href":"https:\/\/www.adclofent.com\/ca\/wp-json\/wp\/v2\/product\/5399","targetHints":{"allow":["GET"]}}],"collection":[{"href":"https:\/\/www.adclofent.com\/ca\/wp-json\/wp\/v2\/product"}],"about":[{"href":"https:\/\/www.adclofent.com\/ca\/wp-json\/wp\/v2\/types\/product"}],"version-history":[{"count":2,"href":"https:\/\/www.adclofent.com\/ca\/wp-json\/wp\/v2\/product\/5399\/revisions"}],"predecessor-version":[{"id":5655,"href":"https:\/\/www.adclofent.com\/ca\/wp-json\/wp\/v2\/product\/5399\/revisions\/5655"}],"up":[{"embeddable":true,"href":"https:\/\/www.adclofent.com\/ca\/wp-json\/wp\/v2\/product\/5254"}],"wp:featuredmedia":[{"embeddable":true,"href":"https:\/\/www.adclofent.com\/ca\/wp-json\/wp\/v2\/media\/4878"}],"wp:attachment":[{"href":"https:\/\/www.adclofent.com\/ca\/wp-json\/wp\/v2\/media?parent=5399"}],"wp:term":[{"taxonomy":"product-type","embeddable":true,"href":"https:\/\/www.adclofent.com\/ca\/wp-json\/wp\/v2\/product-type?post=5399"}],"curies":[{"name":"wp","href":"https:\/\/api.w.org\/{rel}","templated":true}]}}