{"id":5395,"date":"2023-05-23T23:39:42","date_gmt":"2023-05-23T21:39:42","guid":{"rendered":"https:\/\/acf.mmkt.dev\/?post_type=product&#038;p=5395"},"modified":"2023-05-23T23:39:42","modified_gmt":"2023-05-23T21:39:42","slug":"post-cirurgia-estetica","status":"publish","type":"product","link":"https:\/\/www.adclofent.com\/ca\/product\/sector-medic\/post-cirurgia-estetica\/","title":{"rendered":"Post cirurgia est\u00e8tica"},"content":{"rendered":"\n<p>Disposem de <strong>teixits post cirurgia est\u00e8tica<\/strong> adients per a la confecci\u00f3 de peces de pressoter\u00e0pia, <strong>idoni pels postoperatoris de cirurgia pl\u00e0stica i est\u00e8tica.<\/strong><\/p>\n\n\n\n<p>Som prove\u00efdors de les millors marques i fabricants de productes postoperatoris.<\/p>\n\n\n\n<p>Els nostres clients acrediten que l&#8217;\u00fas dels nostres productes produeix un <strong>efecte desinflamatori immediat<\/strong>: reduint el proc\u00e9s postoperatori i el dolor, drenant i remodelant la figura.<\/p>\n\n\n\n<p>Els nostres teixits per ortesis postoperat\u00f2ries de cirurgia pl\u00e0stica i est\u00e8tica presenten <strong>compressi\u00f3 i elasticitat<\/strong>, i minimitzen el risc d&#8217;al\u00b7l\u00e8rgies en contacte directe amb la pell, proporcionant una gran suavitat.<\/p>\n","protected":false},"featured_media":4871,"parent":5254,"menu_order":0,"template":"","meta":{"_kad_blocks_custom_css":"","_kad_blocks_head_custom_js":"","_kad_blocks_body_custom_js":"","_kad_blocks_footer_custom_js":"","_kad_post_transparent":"","_kad_post_title":"","_kad_post_layout":"","_kad_post_sidebar_id":"","_kad_post_content_style":"","_kad_post_vertical_padding":"","_kad_post_feature":"","_kad_post_feature_position":"","_kad_post_header":false,"_kad_post_footer":false,"footnotes":""},"product-type":[51],"class_list":["post-5395","product","type-product","status-publish","has-post-thumbnail","hentry","product-type-sector-medic"],"acf":[],"taxonomy_info":{"product-type":[{"value":51,"label":"Sector m\u00e8dic"}]},"featured_image_src_large":["https:\/\/www.adclofent.com\/wp-content\/uploads\/2023\/05\/1.3.-ESTETICA-761x1024.jpg",761,1024,true],"author_info":[],"comment_info":"","_links":{"self":[{"href":"https:\/\/www.adclofent.com\/ca\/wp-json\/wp\/v2\/product\/5395","targetHints":{"allow":["GET"]}}],"collection":[{"href":"https:\/\/www.adclofent.com\/ca\/wp-json\/wp\/v2\/product"}],"about":[{"href":"https:\/\/www.adclofent.com\/ca\/wp-json\/wp\/v2\/types\/product"}],"version-history":[{"count":1,"href":"https:\/\/www.adclofent.com\/ca\/wp-json\/wp\/v2\/product\/5395\/revisions"}],"predecessor-version":[{"id":5397,"href":"https:\/\/www.adclofent.com\/ca\/wp-json\/wp\/v2\/product\/5395\/revisions\/5397"}],"up":[{"embeddable":true,"href":"https:\/\/www.adclofent.com\/ca\/wp-json\/wp\/v2\/product\/5254"}],"wp:featuredmedia":[{"embeddable":true,"href":"https:\/\/www.adclofent.com\/ca\/wp-json\/wp\/v2\/media\/4871"}],"wp:attachment":[{"href":"https:\/\/www.adclofent.com\/ca\/wp-json\/wp\/v2\/media?parent=5395"}],"wp:term":[{"taxonomy":"product-type","embeddable":true,"href":"https:\/\/www.adclofent.com\/ca\/wp-json\/wp\/v2\/product-type?post=5395"}],"curies":[{"name":"wp","href":"https:\/\/api.w.org\/{rel}","templated":true}]}}