{"id":5385,"date":"2023-05-23T23:37:24","date_gmt":"2023-05-23T21:37:24","guid":{"rendered":"https:\/\/acf.mmkt.dev\/?post_type=product&#038;p=5385"},"modified":"2023-06-29T11:10:38","modified_gmt":"2023-06-29T09:10:38","slug":"ortopedics","status":"publish","type":"product","link":"https:\/\/www.adclofent.com\/ca\/product\/sector-medic\/ortopedics\/","title":{"rendered":"Ortop\u00e8dics"},"content":{"rendered":"\n<p>Artesana de Clofent \u00e9s una empresa <strong>especialitzada en la producci\u00f3 de teixits ortop\u00e8dics per ortesis i pr\u00f2tesis<\/strong>. El nostre know-how ens permet fabricar teixits lleugers i resistents a l&#8217;\u00fas, i amb la compressi\u00f3 adequada per a cada patr\u00f3 de l&#8217;ortesi final. A AdC podreu trobar diferents s\u00e8ries de <strong>teixits el\u00e0stics transpirables i teixits el\u00e0stics compactes<\/strong> que s&#8217;adaptin millor al vostre producte, i a la lesi\u00f3 a tractar.<\/p>\n\n\n\n<p>Fabricar <strong>amplades d&#8217;entre 5 mm i 600\u202fmm<\/strong> ens permet abastar tots els teixits necessaris pel sector. Oferim productes per a la confecci\u00f3 de: faixes ortop\u00e8diques, braguers, espatlleres, canelleres, genolleres, immobilitzadors, cotilles, cinturons, entre d&#8217;altres.<\/p>\n\n\n\n<p>El seu \u00fas serveix principalment per protegir-se de lesions de tipus lumbar i muscular en general, i en mantenir l&#8217;esquena recta al realitzar qualsevol moviment. Tamb\u00e9 evita for\u00e7ar els m\u00fasculs lumbars o abdominals en el moment de fer qualsevol esfor\u00e7.<\/p>\n\n\n\n<p>Aix\u00ed mateix, hi ha teixits <strong>tipus &#8220;Loops&#8221; el\u00e0stics<\/strong> que <strong>faciliten l&#8217;adher\u00e8ncia de les cintes per contacte per l&#8217;autotancament<\/strong>. A m\u00e9s, oferim teixits el\u00e0stics amb <strong>gran resist\u00e8ncia al contacte amb el hook<\/strong>, ja que l&#8217;\u00fas diari pot fer malb\u00e9 la pe\u00e7a. Els nostres productes tenen un cicle de vida llarg.<\/p>\n\n\n\n<p>Volem ser el millor prove\u00efdor dels nostres clients. On no arribi el nostre extens cat\u00e0leg de teixits r\u00edgids i el\u00e0stics ho far\u00e0 el nostre departament d&#8217;innovaci\u00f3 aportant una soluci\u00f3 personalitzada a qualsevol necessitat.<\/p>\n","protected":false},"featured_media":4843,"parent":5254,"menu_order":0,"template":"","meta":{"_kad_blocks_custom_css":"","_kad_blocks_head_custom_js":"","_kad_blocks_body_custom_js":"","_kad_blocks_footer_custom_js":"","_kad_post_transparent":"","_kad_post_title":"","_kad_post_layout":"","_kad_post_sidebar_id":"","_kad_post_content_style":"","_kad_post_vertical_padding":"","_kad_post_feature":"","_kad_post_feature_position":"","_kad_post_header":false,"_kad_post_footer":false,"footnotes":""},"product-type":[51],"class_list":["post-5385","product","type-product","status-publish","has-post-thumbnail","hentry","product-type-sector-medic"],"acf":[],"taxonomy_info":{"product-type":[{"value":51,"label":"Sector m\u00e8dic"}]},"featured_image_src_large":["https:\/\/www.adclofent.com\/wp-content\/uploads\/2023\/05\/1.1.-ORTOPEDIA-1-768x1024.jpeg",768,1024,true],"author_info":[],"comment_info":"","_links":{"self":[{"href":"https:\/\/www.adclofent.com\/ca\/wp-json\/wp\/v2\/product\/5385","targetHints":{"allow":["GET"]}}],"collection":[{"href":"https:\/\/www.adclofent.com\/ca\/wp-json\/wp\/v2\/product"}],"about":[{"href":"https:\/\/www.adclofent.com\/ca\/wp-json\/wp\/v2\/types\/product"}],"version-history":[{"count":2,"href":"https:\/\/www.adclofent.com\/ca\/wp-json\/wp\/v2\/product\/5385\/revisions"}],"predecessor-version":[{"id":5653,"href":"https:\/\/www.adclofent.com\/ca\/wp-json\/wp\/v2\/product\/5385\/revisions\/5653"}],"up":[{"embeddable":true,"href":"https:\/\/www.adclofent.com\/ca\/wp-json\/wp\/v2\/product\/5254"}],"wp:featuredmedia":[{"embeddable":true,"href":"https:\/\/www.adclofent.com\/ca\/wp-json\/wp\/v2\/media\/4843"}],"wp:attachment":[{"href":"https:\/\/www.adclofent.com\/ca\/wp-json\/wp\/v2\/media?parent=5385"}],"wp:term":[{"taxonomy":"product-type","embeddable":true,"href":"https:\/\/www.adclofent.com\/ca\/wp-json\/wp\/v2\/product-type?post=5385"}],"curies":[{"name":"wp","href":"https:\/\/api.w.org\/{rel}","templated":true}]}}