{"id":5254,"date":"2023-05-23T12:19:07","date_gmt":"2023-05-23T10:19:07","guid":{"rendered":"https:\/\/acf.mmkt.dev\/?post_type=product&#038;p=5254"},"modified":"2023-06-29T11:07:54","modified_gmt":"2023-06-29T09:07:54","slug":"sector-medic","status":"publish","type":"product","link":"https:\/\/www.adclofent.com\/ca\/product\/sector-medic\/","title":{"rendered":"Sector m\u00e8dic"},"content":{"rendered":"\n<p>Des de la d\u00e8cada del 90 AdC \u00e9s pionera en la <strong>fabricaci\u00f3 de teixits t\u00e8cnics i el\u00e0stics pel sector m\u00e8dic<\/strong>. Els nostres teixits van dirigits als sectors de l&#8217;ortop\u00e8dia, l&#8217;est\u00e8tica, post-cirurgia, cremades&#8230;<\/p>\n\n\n\n<p>El mercat medicosanitari t\u00e9 requisits espec\u00edfics tant per als usuaris com per a la mat\u00e8ria primera utilitzada en la fabricaci\u00f3 dels seus productes. Per aquesta ra\u00f3, treballem amb la mat\u00e8ria primera de m\u00e9s alta qualitat i produ\u00efm diferents estructures que milloren l&#8217;acabat final de la pe\u00e7a, la seva transpirabilitat i adaptabilitat a les necessitats del consumidor final.<\/p>\n\n\n\n<p>L&#8217;equip d&#8217;enginyers d&#8217;AdC treballa per complir aquests requisits i crear productes tecnol\u00f2gics d&#8217;alta qualitat. Amb <strong>certificacions<\/strong> <strong>ISO 9001-2008 i Oeko-Tex<\/strong>, AdC ofereix un servei complet de disseny, fabricaci\u00f3 i comercialitzaci\u00f3 de <strong>teixits el\u00e0stics i estrets pel sector m\u00e8dic<\/strong>. A m\u00e9s a m\u00e9s, els nostres teixits el\u00e0stics m\u00e8dics han estat <strong>testats dermatol\u00f2gicament<\/strong>, oferint als nostres clients seguretat i qualitat<\/p>\n\n\n\n<p>Aquests productes t\u00e8cnics es desenvolupen a partir del feedback entre el client i el departament t\u00e8cnic per transformar les necessitats del client en productes efectius.<\/p>\n\n\n\n<p>CLOFENT Corporation col\u00b7labora amb altres empreses i centres tecnol\u00f2gics per a una innovaci\u00f3 constant.<\/p>\n\n\n\n<p>En el nostre ampli cat\u00e0leg disposem d&#8217;articles de diferents elasticitats i compressions per diferents patologies. Consulteu els nostres productes i complements segons les vostres necessitats.<\/p>\n","protected":false},"featured_media":4833,"parent":0,"menu_order":0,"template":"","meta":{"_kad_blocks_custom_css":"","_kad_blocks_head_custom_js":"","_kad_blocks_body_custom_js":"","_kad_blocks_footer_custom_js":"","_kad_post_transparent":"","_kad_post_title":"","_kad_post_layout":"","_kad_post_sidebar_id":"","_kad_post_content_style":"","_kad_post_vertical_padding":"","_kad_post_feature":"","_kad_post_feature_position":"","_kad_post_header":false,"_kad_post_footer":false,"footnotes":""},"product-type":[51],"class_list":["post-5254","product","type-product","status-publish","has-post-thumbnail","hentry","product-type-sector-medic"],"acf":[],"taxonomy_info":{"product-type":[{"value":51,"label":"Sector m\u00e8dic"}]},"featured_image_src_large":["https:\/\/www.adclofent.com\/wp-content\/uploads\/2023\/05\/1.-MEDIC-1-768x1024.jpg",768,1024,true],"author_info":[],"comment_info":"","_links":{"self":[{"href":"https:\/\/www.adclofent.com\/ca\/wp-json\/wp\/v2\/product\/5254","targetHints":{"allow":["GET"]}}],"collection":[{"href":"https:\/\/www.adclofent.com\/ca\/wp-json\/wp\/v2\/product"}],"about":[{"href":"https:\/\/www.adclofent.com\/ca\/wp-json\/wp\/v2\/types\/product"}],"version-history":[{"count":4,"href":"https:\/\/www.adclofent.com\/ca\/wp-json\/wp\/v2\/product\/5254\/revisions"}],"predecessor-version":[{"id":5648,"href":"https:\/\/www.adclofent.com\/ca\/wp-json\/wp\/v2\/product\/5254\/revisions\/5648"}],"wp:featuredmedia":[{"embeddable":true,"href":"https:\/\/www.adclofent.com\/ca\/wp-json\/wp\/v2\/media\/4833"}],"wp:attachment":[{"href":"https:\/\/www.adclofent.com\/ca\/wp-json\/wp\/v2\/media?parent=5254"}],"wp:term":[{"taxonomy":"product-type","embeddable":true,"href":"https:\/\/www.adclofent.com\/ca\/wp-json\/wp\/v2\/product-type?post=5254"}],"curies":[{"name":"wp","href":"https:\/\/api.w.org\/{rel}","templated":true}]}}