{"id":3698,"date":"2020-07-26T17:22:44","date_gmt":"2020-07-26T17:22:44","guid":{"rendered":"https:\/\/www.adclofent.com\/?page_id=3698"},"modified":"2024-04-02T17:42:39","modified_gmt":"2024-04-02T15:42:39","slug":"historia-aretesana-clofent-teixits-tecnics","status":"publish","type":"page","link":"https:\/\/www.adclofent.com\/ca\/historia-aretesana-clofent-teixits-tecnics\/","title":{"rendered":"Historia"},"content":{"rendered":"<style>.kb-row-layout-id_f38b0e-4f > .kt-row-column-wrap{align-content:start;}:where(.kb-row-layout-id_f38b0e-4f > .kt-row-column-wrap) > .wp-block-kadence-column{justify-content:start;}.kb-row-layout-id_f38b0e-4f > .kt-row-column-wrap{column-gap:var(--global-kb-gap-md, 2rem);row-gap:var(--global-kb-gap-md, 2rem);padding-top:var(--global-kb-spacing-lg, 3rem);padding-bottom:var(--global-kb-spacing-lg, 3rem);grid-template-columns:minmax(0, 1fr);}.kb-row-layout-id_f38b0e-4f > .kt-row-layout-overlay{opacity:0.30;}@media all and (max-width: 1024px){.kb-row-layout-id_f38b0e-4f > .kt-row-column-wrap{grid-template-columns:minmax(0, 1fr);}}@media all and (max-width: 767px){.kb-row-layout-id_f38b0e-4f > .kt-row-column-wrap{grid-template-columns:minmax(0, 1fr);}}<\/style><div class=\"kb-row-layout-wrap kb-row-layout-id_f38b0e-4f alignnone wp-block-kadence-rowlayout\"><div class=\"kt-row-column-wrap kt-has-1-columns kt-row-layout-equal kt-tab-layout-inherit kt-mobile-layout-row kt-row-valign-top\">\n<style>.kadence-column_4031a3-13 > .kt-inside-inner-col,.kadence-column_4031a3-13 > .kt-inside-inner-col:before{border-top-left-radius:0px;border-top-right-radius:0px;border-bottom-right-radius:0px;border-bottom-left-radius:0px;}.kadence-column_4031a3-13 > .kt-inside-inner-col{column-gap:var(--global-kb-gap-sm, 1rem);}.kadence-column_4031a3-13 > .kt-inside-inner-col{flex-direction:column;}.kadence-column_4031a3-13 > .kt-inside-inner-col > .aligncenter{width:100%;}.kadence-column_4031a3-13 > .kt-inside-inner-col:before{opacity:0.3;}.kadence-column_4031a3-13{position:relative;}@media all and (max-width: 1024px){.kadence-column_4031a3-13 > .kt-inside-inner-col{flex-direction:column;}}@media all and (max-width: 767px){.kadence-column_4031a3-13 > .kt-inside-inner-col{flex-direction:column;}}<\/style>\n<div class=\"wp-block-kadence-column kadence-column_4031a3-13\"><div class=\"kt-inside-inner-col\"><style>.wp-block-kadence-advancedheading.kt-adv-heading_0ecfed-82, .wp-block-kadence-advancedheading.kt-adv-heading_0ecfed-82[data-kb-block=\"kb-adv-heading_0ecfed-82\"]{font-size:26px;font-style:normal;}.wp-block-kadence-advancedheading.kt-adv-heading_0ecfed-82 mark.kt-highlight, .wp-block-kadence-advancedheading.kt-adv-heading_0ecfed-82[data-kb-block=\"kb-adv-heading_0ecfed-82\"] mark.kt-highlight{font-style:normal;color:#f76a0c;-webkit-box-decoration-break:clone;box-decoration-break:clone;padding-top:0px;padding-right:0px;padding-bottom:0px;padding-left:0px;}<\/style>\n<h1 class=\"kt-adv-heading_0ecfed-82 wp-block-kadence-advancedheading has-theme-palette-1-color has-text-color\" data-kb-block=\"kb-adv-heading_0ecfed-82\"><strong>Historia<\/strong><\/h1>\n\n\n<style>.wp-block-kadence-advancedheading.kt-adv-heading_5b6384-05, .wp-block-kadence-advancedheading.kt-adv-heading_5b6384-05[data-kb-block=\"kb-adv-heading_5b6384-05\"]{font-size:22px;font-style:normal;}.wp-block-kadence-advancedheading.kt-adv-heading_5b6384-05 mark.kt-highlight, .wp-block-kadence-advancedheading.kt-adv-heading_5b6384-05[data-kb-block=\"kb-adv-heading_5b6384-05\"] mark.kt-highlight{font-style:normal;color:#f76a0c;-webkit-box-decoration-break:clone;box-decoration-break:clone;padding-top:0px;padding-right:0px;padding-bottom:0px;padding-left:0px;}<\/style>\n<h2 class=\"kt-adv-heading_5b6384-05 wp-block-kadence-advancedheading\" data-kb-block=\"kb-adv-heading_5b6384-05\"><strong>Artesana de Clofent desde 1952<\/strong><\/h2>\n\n\n\n<p>L\u2019any 1952 Josep Clofent i Salvadora Rosique van crear la marca Artesana, inicialment un negoci t\u00e8xtil dedicat a la producci\u00f3 de trenyella. La voluntat de desenvolupar nous productes va fer que l\u2019any 1968 adquirissin maquin\u00e0ria de ganxet. La seu actual d\u2019AdC va inaugurar-se l\u2019any 1974, els m\u00e9s de 2.000 m\u00b2 van fer possible invertir en l\u2019adquisici\u00f3 de nova maquin\u00e0ria per esdevenir un referent en el sector de la cinteria a escala nacional.<\/p>\n\n\n\n<p>El 1986 Artesana de Clofent va constituir-se en Societat An\u00f2nima, el mateix any l\u2019empresa va adquirir telers Jacquard per oferir la personalitzaci\u00f3 total del producte als seus clients.<\/p>\n\n\n\n<p>El 1997 van dissenyar i instal\u00b7lar un innovador sistema d\u2019acabats que permetia enriquir els seus productes dotant-los de valor afegit. Aquest sistema va ser pioner en les mat\u00e8ries primes que formen el teixit i en l\u2019\u00fas redu\u00eft d\u2019aigua que els permeten ser un exemple d\u2019ecologisme en el sector. Aquesta cerca de la innovaci\u00f3 va fer que l\u2019any seg\u00fcent iniciessin la producci\u00f3 de teixits t\u00e8cnics, concretament en el sector de l\u2019ortop\u00e8dia. El 2002 van equipar el laboratori de l&#8217;empresa amb els instruments necessaris per a l&#8217;an\u00e0lisi i la representaci\u00f3 de teixits d&#8217;\u00fas t\u00e8cnic, a m\u00e9s de certificar la qualitat dels seus productes.<\/p>\n\n\n\n<p>Actualment, a l\u2019empresa hi treballa la segona i tercera generaci\u00f3 conjuntament, fent que el comprom\u00eds dels fundadors amb la innovaci\u00f3 continu\u00ef a dia d\u2019avui. En els darrers anys s\u2019ha augmentat significativament l\u2019exportaci\u00f3 aix\u00ed com la varietat de productes oferts, garantint un servei r\u00e0pid i de qualitat.<\/p>\n\n\n<style>.wp-block-kadence-advancedbtn.kb-btns_e0889d-59{gap:var(--global-kb-gap-xs, 0.5rem );justify-content:flex-start;align-items:center;}.kt-btns_e0889d-59 .kt-button{font-weight:normal;font-style:normal;}.kt-btns_e0889d-59 .kt-btn-wrap-0{margin-right:5px;}.wp-block-kadence-advancedbtn.kt-btns_e0889d-59 .kt-btn-wrap-0 .kt-button{color:#555555;border-color:#555555;}.wp-block-kadence-advancedbtn.kt-btns_e0889d-59 .kt-btn-wrap-0 .kt-button:hover, .wp-block-kadence-advancedbtn.kt-btns_e0889d-59 .kt-btn-wrap-0 .kt-button:focus{color:#ffffff;border-color:#444444;}.wp-block-kadence-advancedbtn.kt-btns_e0889d-59 .kt-btn-wrap-0 .kt-button::before{display:none;}.wp-block-kadence-advancedbtn.kt-btns_e0889d-59 .kt-btn-wrap-0 .kt-button:hover, .wp-block-kadence-advancedbtn.kt-btns_e0889d-59 .kt-btn-wrap-0 .kt-button:focus{background:#444444;}<\/style>\n<div class=\"wp-block-kadence-advancedbtn kb-buttons-wrap kb-btns_e0889d-59\"><style>ul.menu .wp-block-kadence-advancedbtn .kb-btn_980b8b-76.kb-button{width:initial;}@media all and (max-width: 1024px){.kb-btn_980b8b-76.kb-button .kb-svg-icon-wrap{display:block;}}<\/style><a class=\"kb-button kt-button button kb-btn_980b8b-76 kt-btn-size-standard kt-btn-width-type-auto kb-btn-global-inherit kt-btn-has-text-true kt-btn-has-svg-false wp-block-button__link wp-block-kadence-singlebtn\" href=\"https:\/\/www.adclofent.com\/ca\/contacte-fabricant-cintes-elastiques-rigides\/\"><span class=\"kt-btn-inner-text\">Contacte<\/span><\/a><\/div>\n<\/div><\/div>\n\n<\/div><\/div>\n\n<style>.kb-row-layout-id_ef8155-4a > .kt-row-column-wrap{align-content:start;}:where(.kb-row-layout-id_ef8155-4a > .kt-row-column-wrap) > .wp-block-kadence-column{justify-content:start;}.kb-row-layout-id_ef8155-4a > .kt-row-column-wrap{column-gap:var(--global-kb-gap-md, 2rem);row-gap:var(--global-kb-gap-md, 2rem);padding-top:var(--global-kb-spacing-sm, 1.5rem);padding-bottom:var(--global-kb-spacing-sm, 1.5rem);grid-template-columns:repeat(2, minmax(0, 1fr));}.kb-row-layout-id_ef8155-4a > .kt-row-layout-overlay{opacity:0.30;}@media all and (max-width: 1024px){.kb-row-layout-id_ef8155-4a > .kt-row-column-wrap{grid-template-columns:repeat(2, minmax(0, 1fr));}}@media all and (max-width: 767px){.kb-row-layout-id_ef8155-4a > .kt-row-column-wrap{grid-template-columns:minmax(0, 1fr);}}<\/style><div class=\"kb-row-layout-wrap kb-row-layout-id_ef8155-4a alignnone wp-block-kadence-rowlayout\"><div class=\"kt-row-column-wrap kt-has-2-columns kt-row-layout-equal kt-tab-layout-inherit kt-mobile-layout-row kt-row-valign-top\">\n<style>.kadence-column_bf9fed-28 > .kt-inside-inner-col,.kadence-column_bf9fed-28 > .kt-inside-inner-col:before{border-top-left-radius:0px;border-top-right-radius:0px;border-bottom-right-radius:0px;border-bottom-left-radius:0px;}.kadence-column_bf9fed-28 > .kt-inside-inner-col{column-gap:var(--global-kb-gap-sm, 1rem);}.kadence-column_bf9fed-28 > .kt-inside-inner-col{flex-direction:column;}.kadence-column_bf9fed-28 > .kt-inside-inner-col > .aligncenter{width:100%;}.kadence-column_bf9fed-28 > .kt-inside-inner-col:before{opacity:0.3;}.kadence-column_bf9fed-28{position:relative;}@media all and (max-width: 1024px){.kadence-column_bf9fed-28 > .kt-inside-inner-col{flex-direction:column;}}@media all and (max-width: 767px){.kadence-column_bf9fed-28 > .kt-inside-inner-col{flex-direction:column;}}<\/style>\n<div class=\"wp-block-kadence-column kadence-column_bf9fed-28\"><div class=\"kt-inside-inner-col\"><style>.kb-image_c1f5b9-a3 .kb-image-has-overlay:after{opacity:0.3;}<\/style>\n<figure class=\"wp-block-kadence-image kb-image_c1f5b9-a3 size-large\"><img decoding=\"async\" width=\"1024\" height=\"746\" src=\"https:\/\/www.adclofent.com\/wp-content\/uploads\/2020\/07\/foto2-1024x746.jpg\" alt=\"Artesana de Clofent\" class=\"kb-img wp-image-3702\" srcset=\"https:\/\/www.adclofent.com\/wp-content\/uploads\/2020\/07\/foto2-1024x746.jpg 1024w, https:\/\/www.adclofent.com\/wp-content\/uploads\/2020\/07\/foto2-300x219.jpg 300w, https:\/\/www.adclofent.com\/wp-content\/uploads\/2020\/07\/foto2-768x560.jpg 768w, https:\/\/www.adclofent.com\/wp-content\/uploads\/2020\/07\/foto2-624x455.jpg 624w, https:\/\/www.adclofent.com\/wp-content\/uploads\/2020\/07\/foto2.jpg 1387w\" sizes=\"(max-width: 1024px) 100vw, 1024px\" \/><\/figure>\n<\/div><\/div>\n\n\n<style>.kadence-column_0a8291-56 > .kt-inside-inner-col,.kadence-column_0a8291-56 > .kt-inside-inner-col:before{border-top-left-radius:0px;border-top-right-radius:0px;border-bottom-right-radius:0px;border-bottom-left-radius:0px;}.kadence-column_0a8291-56 > .kt-inside-inner-col{column-gap:var(--global-kb-gap-sm, 1rem);}.kadence-column_0a8291-56 > .kt-inside-inner-col{flex-direction:column;}.kadence-column_0a8291-56 > .kt-inside-inner-col > .aligncenter{width:100%;}.kadence-column_0a8291-56 > .kt-inside-inner-col:before{opacity:0.3;}.kadence-column_0a8291-56{position:relative;}@media all and (max-width: 1024px){.kadence-column_0a8291-56 > .kt-inside-inner-col{flex-direction:column;}}@media all and (max-width: 767px){.kadence-column_0a8291-56 > .kt-inside-inner-col{flex-direction:column;}}<\/style>\n<div class=\"wp-block-kadence-column kadence-column_0a8291-56\"><div class=\"kt-inside-inner-col\"><style>.wp-block-kadence-advancedgallery .kb-gallery-type-masonry.kb-gallery-id-_75b361-21{margin:-15px;}.kb-gallery-type-masonry.kb-gallery-id-_75b361-21 .kadence-blocks-gallery-item{padding:15px;}.kb-gallery-id-_75b361-21 .kadence-blocks-gallery-item .kb-gal-image-radius, .kb-gallery-id-_75b361-21 .kb-slide-item .kb-gal-image-radius img{border-radius:0px 0px 0px 0px;;}<\/style><div class=\"kb-gallery-wrap-id-_75b361-21 alignnone wp-block-kadence-advancedgallery\"><ul class=\"kb-gallery-ul kb-gallery-non-static kb-gallery-type-masonry kb-masonry-init kb-gallery-id-_75b361-21 kb-gallery-caption-style-bottom-hover kb-gallery-filter-none\" data-image-filter=\"none\" data-item-selector=\".kadence-blocks-gallery-item\" data-lightbox-caption=\"true\" data-columns-xxl=\"2\" data-columns-xl=\"2\" data-columns-md=\"2\" data-columns-sm=\"2\" data-columns-xs=\"1\" data-columns-ss=\"1\"><li class=\"kadence-blocks-gallery-item\"><div class=\"kadence-blocks-gallery-item-inner\"><figure class=\"kb-gallery-figure kadence-blocks-gallery-item-hide-caption\" \"><div class=\"kb-gal-image-radius\" style=\"max-width:569px;\"><div class=\"kb-gallery-image-contain kadence-blocks-gallery-intrinsic\" style=\"padding-bottom:58%;\"><img decoding=\"async\" src=\"https:\/\/www.adclofent.com\/wp-content\/uploads\/2020\/07\/logo1.png\" width=\"569\" height=\"334\" alt=\"\" data-full-image=\"https:\/\/www.adclofent.com\/wp-content\/uploads\/2020\/07\/logo1.png\" data-light-image=\"https:\/\/www.adclofent.com\/wp-content\/uploads\/2020\/07\/logo1.png\" data-id=\"3708\" class=\"wp-image-3708\" srcset=\"https:\/\/www.adclofent.com\/wp-content\/uploads\/2020\/07\/logo1.png 569w, https:\/\/www.adclofent.com\/wp-content\/uploads\/2020\/07\/logo1-300x176.png 300w\" sizes=\"(max-width: 569px) 100vw, 569px\" \/><\/div><\/div><\/figure><\/div><\/li><li class=\"kadence-blocks-gallery-item\"><div class=\"kadence-blocks-gallery-item-inner\"><figure class=\"kb-gallery-figure kadence-blocks-gallery-item-hide-caption\" \"><div class=\"kb-gal-image-radius\" style=\"max-width:521px;\"><div class=\"kb-gallery-image-contain kadence-blocks-gallery-intrinsic\" style=\"padding-bottom:55%;\"><img decoding=\"async\" src=\"https:\/\/www.adclofent.com\/wp-content\/uploads\/2020\/07\/logo2.png\" width=\"521\" height=\"290\" alt=\"\" data-full-image=\"https:\/\/www.adclofent.com\/wp-content\/uploads\/2020\/07\/logo2.png\" data-light-image=\"https:\/\/www.adclofent.com\/wp-content\/uploads\/2020\/07\/logo2.png\" data-id=\"3712\" class=\"wp-image-3712\" srcset=\"https:\/\/www.adclofent.com\/wp-content\/uploads\/2020\/07\/logo2.png 521w, https:\/\/www.adclofent.com\/wp-content\/uploads\/2020\/07\/logo2-300x167.png 300w\" sizes=\"(max-width: 521px) 100vw, 521px\" \/><\/div><\/div><\/figure><\/div><\/li><li class=\"kadence-blocks-gallery-item\"><div class=\"kadence-blocks-gallery-item-inner\"><figure class=\"kb-gallery-figure kadence-blocks-gallery-item-hide-caption\" \"><div class=\"kb-gal-image-radius\" style=\"max-width:498px;\"><div class=\"kb-gallery-image-contain kadence-blocks-gallery-intrinsic\" style=\"padding-bottom:39%;\"><img decoding=\"async\" src=\"https:\/\/www.adclofent.com\/wp-content\/uploads\/2020\/07\/logo5.png\" width=\"498\" height=\"199\" alt=\"\" data-full-image=\"https:\/\/www.adclofent.com\/wp-content\/uploads\/2020\/07\/logo5.png\" data-light-image=\"https:\/\/www.adclofent.com\/wp-content\/uploads\/2020\/07\/logo5.png\" data-id=\"3724\" class=\"wp-image-3724\" srcset=\"https:\/\/www.adclofent.com\/wp-content\/uploads\/2020\/07\/logo5.png 498w, https:\/\/www.adclofent.com\/wp-content\/uploads\/2020\/07\/logo5-300x120.png 300w\" sizes=\"(max-width: 498px) 100vw, 498px\" \/><\/div><\/div><\/figure><\/div><\/li><li class=\"kadence-blocks-gallery-item\"><div class=\"kadence-blocks-gallery-item-inner\"><figure class=\"kb-gallery-figure kadence-blocks-gallery-item-hide-caption\" \"><div class=\"kb-gal-image-radius\" style=\"max-width:1024px;\"><div class=\"kb-gallery-image-contain kadence-blocks-gallery-intrinsic\" style=\"padding-bottom:52%;\"><img decoding=\"async\" src=\"https:\/\/www.adclofent.com\/wp-content\/uploads\/2020\/07\/logo3-1024x537.png\" width=\"1024\" height=\"537\" alt=\"\" data-full-image=\"https:\/\/www.adclofent.com\/wp-content\/uploads\/2020\/07\/logo3.png\" data-light-image=\"https:\/\/www.adclofent.com\/wp-content\/uploads\/2020\/07\/logo3.png\" data-id=\"3716\" class=\"wp-image-3716\" srcset=\"https:\/\/www.adclofent.com\/wp-content\/uploads\/2020\/07\/logo3-1024x537.png 1024w, https:\/\/www.adclofent.com\/wp-content\/uploads\/2020\/07\/logo3-300x157.png 300w, https:\/\/www.adclofent.com\/wp-content\/uploads\/2020\/07\/logo3-768x403.png 768w, https:\/\/www.adclofent.com\/wp-content\/uploads\/2020\/07\/logo3-624x327.png 624w, https:\/\/www.adclofent.com\/wp-content\/uploads\/2020\/07\/logo3.png 1920w\" sizes=\"(max-width: 1024px) 100vw, 1024px\" \/><\/div><\/div><\/figure><\/div><\/li><li class=\"kadence-blocks-gallery-item\"><div class=\"kadence-blocks-gallery-item-inner\"><figure class=\"kb-gallery-figure kadence-blocks-gallery-item-hide-caption\" \"><div class=\"kb-gal-image-radius\" style=\"max-width:600px;\"><div class=\"kb-gallery-image-contain kadence-blocks-gallery-intrinsic\" style=\"padding-bottom:47%;\"><img decoding=\"async\" src=\"https:\/\/www.adclofent.com\/wp-content\/uploads\/2020\/07\/logo4.jpg\" width=\"600\" height=\"287\" alt=\"\" data-full-image=\"https:\/\/www.adclofent.com\/wp-content\/uploads\/2020\/07\/logo4.jpg\" data-light-image=\"https:\/\/www.adclofent.com\/wp-content\/uploads\/2020\/07\/logo4.jpg\" data-id=\"3720\" class=\"wp-image-3720\" srcset=\"https:\/\/www.adclofent.com\/wp-content\/uploads\/2020\/07\/logo4.jpg 600w, https:\/\/www.adclofent.com\/wp-content\/uploads\/2020\/07\/logo4-300x144.jpg 300w\" sizes=\"(max-width: 600px) 100vw, 600px\" \/><\/div><\/div><\/figure><\/div><\/li><\/ul><\/div><\/div><\/div>\n\n<\/div><\/div>","protected":false},"excerpt":{"rendered":"<p>Historia Artesana de Clofent desde 1952 L\u2019any 1952 Josep Clofent i Salvadora Rosique van crear la marca Artesana, inicialment un negoci t\u00e8xtil dedicat a la producci\u00f3 de trenyella. La voluntat de desenvolupar nous productes va fer que l\u2019any 1968 adquirissin maquin\u00e0ria de ganxet. La seu actual d\u2019AdC va inaugurar-se l\u2019any 1974, els m\u00e9s de 2.000&#8230;<\/p>\n","protected":false},"author":2,"featured_media":0,"parent":0,"menu_order":0,"comment_status":"closed","ping_status":"closed","template":"","meta":{"_kad_blocks_custom_css":"","_kad_blocks_head_custom_js":"","_kad_blocks_body_custom_js":"","_kad_blocks_footer_custom_js":"","_kad_post_transparent":"","_kad_post_title":"","_kad_post_layout":"","_kad_post_sidebar_id":"","_kad_post_content_style":"","_kad_post_vertical_padding":"","_kad_post_feature":"","_kad_post_feature_position":"","_kad_post_header":false,"_kad_post_footer":false,"footnotes":""},"class_list":["post-3698","page","type-page","status-publish","hentry"],"acf":[],"taxonomy_info":[],"featured_image_src_large":false,"author_info":{"display_name":"Artesana de Clofent","author_link":"https:\/\/www.adclofent.com\/ca\/author\/imma\/"},"comment_info":0,"_links":{"self":[{"href":"https:\/\/www.adclofent.com\/ca\/wp-json\/wp\/v2\/pages\/3698","targetHints":{"allow":["GET"]}}],"collection":[{"href":"https:\/\/www.adclofent.com\/ca\/wp-json\/wp\/v2\/pages"}],"about":[{"href":"https:\/\/www.adclofent.com\/ca\/wp-json\/wp\/v2\/types\/page"}],"author":[{"embeddable":true,"href":"https:\/\/www.adclofent.com\/ca\/wp-json\/wp\/v2\/users\/2"}],"replies":[{"embeddable":true,"href":"https:\/\/www.adclofent.com\/ca\/wp-json\/wp\/v2\/comments?post=3698"}],"version-history":[{"count":22,"href":"https:\/\/www.adclofent.com\/ca\/wp-json\/wp\/v2\/pages\/3698\/revisions"}],"predecessor-version":[{"id":6032,"href":"https:\/\/www.adclofent.com\/ca\/wp-json\/wp\/v2\/pages\/3698\/revisions\/6032"}],"wp:attachment":[{"href":"https:\/\/www.adclofent.com\/ca\/wp-json\/wp\/v2\/media?parent=3698"}],"curies":[{"name":"wp","href":"https:\/\/api.w.org\/{rel}","templated":true}]}}