{"id":3161,"date":"2019-09-26T11:32:00","date_gmt":"2019-09-26T11:32:00","guid":{"rendered":"https:\/\/www.adclofent.com\/aviso-legal\/"},"modified":"2025-02-07T13:44:49","modified_gmt":"2025-02-07T12:44:49","slug":"avis-legal","status":"publish","type":"page","link":"https:\/\/www.adclofent.com\/ca\/avis-legal\/","title":{"rendered":"Av\u00eds legal"},"content":{"rendered":"<style>.kb-row-layout-id3161_4f4634-07 > .kt-row-column-wrap{align-content:start;}:where(.kb-row-layout-id3161_4f4634-07 > .kt-row-column-wrap) > .wp-block-kadence-column{justify-content:start;}.kb-row-layout-id3161_4f4634-07 > .kt-row-column-wrap{column-gap:var(--global-kb-gap-md, 2rem);row-gap:var(--global-kb-gap-md, 2rem);padding-top:var(--global-kb-spacing-sm, 1.5rem);padding-bottom:var(--global-kb-spacing-sm, 1.5rem);grid-template-columns:minmax(0, 1fr);}.kb-row-layout-id3161_4f4634-07 > .kt-row-layout-overlay{opacity:0.30;}@media all and (max-width: 1024px){.kb-row-layout-id3161_4f4634-07 > .kt-row-column-wrap{grid-template-columns:minmax(0, 1fr);}}@media all and (max-width: 767px){.kb-row-layout-id3161_4f4634-07 > .kt-row-column-wrap{grid-template-columns:minmax(0, 1fr);}}<\/style><div class=\"kb-row-layout-wrap kb-row-layout-id3161_4f4634-07 alignnone wp-block-kadence-rowlayout\"><div class=\"kt-row-column-wrap kt-has-1-columns kt-row-layout-equal kt-tab-layout-inherit kt-mobile-layout-row kt-row-valign-top\">\n<style>.kadence-column3161_cc59b5-88 > .kt-inside-inner-col,.kadence-column3161_cc59b5-88 > .kt-inside-inner-col:before{border-top-left-radius:0px;border-top-right-radius:0px;border-bottom-right-radius:0px;border-bottom-left-radius:0px;}.kadence-column3161_cc59b5-88 > .kt-inside-inner-col{column-gap:var(--global-kb-gap-sm, 1rem);}.kadence-column3161_cc59b5-88 > .kt-inside-inner-col{flex-direction:column;}.kadence-column3161_cc59b5-88 > .kt-inside-inner-col > .aligncenter{width:100%;}.kadence-column3161_cc59b5-88 > .kt-inside-inner-col:before{opacity:0.3;}.kadence-column3161_cc59b5-88{position:relative;}@media all and (max-width: 1024px){.kadence-column3161_cc59b5-88 > .kt-inside-inner-col{flex-direction:column;}}@media all and (max-width: 767px){.kadence-column3161_cc59b5-88 > .kt-inside-inner-col{flex-direction:column;}}<\/style>\n<div class=\"wp-block-kadence-column kadence-column3161_cc59b5-88\"><div class=\"kt-inside-inner-col\">\n<h1 class=\"wp-block-heading has-medium-font-size\"><strong>Av\u00eds legal<\/strong><\/h1>\n\n\n\n<p><strong>Informaci\u00f3 General<\/strong><\/p>\n\n\n\n<p>El titular del lloc web &nbsp;www.adclofent.com \u00e9s Artesana de Clofent, SA, amb NIF A58216391 i domicili situat al Carrer de Baix, 11, 08394 Sant Vicen\u00e7 de Montalt. L&#8217;entitat es troba inscrita al Registre Mercantil amb les dades d&#8217;inscripci\u00f3 seg\u00fcents:<\/p>\n\n\n\n<p>Amb l\u2019\u00e0nim que l&#8217;\u00fas del lloc web s&#8217;ajusti a criteris de transpar\u00e8ncia, claredat i senzillesa, Artesana de Clofent informa a l&#8217;usuari que qualsevol suggeriment, dubte o consulta sobre aquest Av\u00eds Legal o qualsevol altre document informatiu del lloc web ser\u00e0 rebut i solucionat contactant amb Artesana de Clofent, a trav\u00e9s de l&#8217;adre\u00e7a de correu electr\u00f2nic: adc@adclofent.com<\/p>\n\n\n\n<p><strong>Propietat Intel\u00b7lectual<\/strong><\/p>\n\n\n\n<p>Tots els continguts que es mostren al present lloc web, i en especial dissenys, textos, imatges, logos, icones, noms comercials, marques o qualsevol altra informaci\u00f3 susceptible d&#8217;utilitzaci\u00f3 industrial o comercial estan protegits pels drets d&#8217;autor corresponents, no permetent la seva reproducci\u00f3, transmissi\u00f3 o registre d\u2019informaci\u00f3 excepte autoritzaci\u00f3 pr\u00e8via del titular, Artesana de Clofent SA. No obstant aix\u00f2, l&#8217;usuari podr\u00e0 utilitzar informaci\u00f3 facilitada per gestionar la comanda i les dades de contacte corresponents.<\/p>\n\n\n\n<p><strong>Enlla\u00e7os<\/strong><\/p>\n\n\n\n<p>Artesana de Clofent no assumeix cap responsabilitat sobre els enlla\u00e7os cap a altres llocs o p\u00e0gines web que, si escau, s&#8217;hi poguessin incloure, ja que no t\u00e9 cap mena de control sobre aquests, per la qual cosa l&#8217;usuari accedeix sota la seva exclusiva responsabilitat al contingut i en les condicions d&#8217;\u00fas que hi regeixin.<\/p>\n<\/div><\/div>\n\n<\/div><\/div>","protected":false},"excerpt":{"rendered":"<p>Av\u00eds legal Informaci\u00f3 General El titular del lloc web &nbsp;www.adclofent.com \u00e9s Artesana de Clofent, SA, amb NIF A58216391 i domicili situat al Carrer de Baix, 11, 08394 Sant Vicen\u00e7 de Montalt. L&#8217;entitat es troba inscrita al Registre Mercantil amb les dades d&#8217;inscripci\u00f3 seg\u00fcents: Amb l\u2019\u00e0nim que l&#8217;\u00fas del lloc web s&#8217;ajusti a criteris de transpar\u00e8ncia,&#8230;<\/p>\n","protected":false},"author":2,"featured_media":0,"parent":0,"menu_order":0,"comment_status":"closed","ping_status":"closed","template":"","meta":{"_kad_blocks_custom_css":"","_kad_blocks_head_custom_js":"","_kad_blocks_body_custom_js":"","_kad_blocks_footer_custom_js":"","_kad_post_transparent":"","_kad_post_title":"","_kad_post_layout":"","_kad_post_sidebar_id":"","_kad_post_content_style":"","_kad_post_vertical_padding":"","_kad_post_feature":"","_kad_post_feature_position":"","_kad_post_header":false,"_kad_post_footer":false,"footnotes":""},"class_list":["post-3161","page","type-page","status-publish","hentry"],"acf":[],"taxonomy_info":[],"featured_image_src_large":false,"author_info":{"display_name":"Artesana de Clofent","author_link":"https:\/\/www.adclofent.com\/ca\/author\/imma\/"},"comment_info":0,"_links":{"self":[{"href":"https:\/\/www.adclofent.com\/ca\/wp-json\/wp\/v2\/pages\/3161","targetHints":{"allow":["GET"]}}],"collection":[{"href":"https:\/\/www.adclofent.com\/ca\/wp-json\/wp\/v2\/pages"}],"about":[{"href":"https:\/\/www.adclofent.com\/ca\/wp-json\/wp\/v2\/types\/page"}],"author":[{"embeddable":true,"href":"https:\/\/www.adclofent.com\/ca\/wp-json\/wp\/v2\/users\/2"}],"replies":[{"embeddable":true,"href":"https:\/\/www.adclofent.com\/ca\/wp-json\/wp\/v2\/comments?post=3161"}],"version-history":[{"count":8,"href":"https:\/\/www.adclofent.com\/ca\/wp-json\/wp\/v2\/pages\/3161\/revisions"}],"predecessor-version":[{"id":6336,"href":"https:\/\/www.adclofent.com\/ca\/wp-json\/wp\/v2\/pages\/3161\/revisions\/6336"}],"wp:attachment":[{"href":"https:\/\/www.adclofent.com\/ca\/wp-json\/wp\/v2\/media?parent=3161"}],"curies":[{"name":"wp","href":"https:\/\/api.w.org\/{rel}","templated":true}]}}