{"id":2213,"date":"2018-03-26T15:06:57","date_gmt":"2018-03-26T15:06:57","guid":{"rendered":"http:\/\/www.adclofent.com\/?page_id=2213"},"modified":"2024-04-02T17:38:10","modified_gmt":"2024-04-02T15:38:10","slug":"clofent-corporation-fabrica-elastics-teixits-tecnics","status":"publish","type":"page","link":"https:\/\/www.adclofent.com\/ca\/clofent-corporation-fabrica-elastics-teixits-tecnics\/","title":{"rendered":"CLOFENT Corporation (I+D+I)"},"content":{"rendered":"<style>.kb-row-layout-id_f38b0e-4f > .kt-row-column-wrap{align-content:start;}:where(.kb-row-layout-id_f38b0e-4f > .kt-row-column-wrap) > .wp-block-kadence-column{justify-content:start;}.kb-row-layout-id_f38b0e-4f > .kt-row-column-wrap{column-gap:var(--global-kb-gap-md, 2rem);row-gap:var(--global-kb-gap-md, 2rem);padding-top:var(--global-kb-spacing-lg, 3rem);padding-bottom:var(--global-kb-spacing-lg, 3rem);grid-template-columns:minmax(0, 1fr);}.kb-row-layout-id_f38b0e-4f > .kt-row-layout-overlay{opacity:0.30;}@media all and (max-width: 1024px){.kb-row-layout-id_f38b0e-4f > .kt-row-column-wrap{grid-template-columns:minmax(0, 1fr);}}@media all and (max-width: 767px){.kb-row-layout-id_f38b0e-4f > .kt-row-column-wrap{grid-template-columns:minmax(0, 1fr);}}<\/style><div class=\"kb-row-layout-wrap kb-row-layout-id_f38b0e-4f alignnone wp-block-kadence-rowlayout\"><div class=\"kt-row-column-wrap kt-has-1-columns kt-row-layout-equal kt-tab-layout-inherit kt-mobile-layout-row kt-row-valign-top\">\n<style>.kadence-column_4031a3-13 > .kt-inside-inner-col,.kadence-column_4031a3-13 > .kt-inside-inner-col:before{border-top-left-radius:0px;border-top-right-radius:0px;border-bottom-right-radius:0px;border-bottom-left-radius:0px;}.kadence-column_4031a3-13 > .kt-inside-inner-col{column-gap:var(--global-kb-gap-sm, 1rem);}.kadence-column_4031a3-13 > .kt-inside-inner-col{flex-direction:column;}.kadence-column_4031a3-13 > .kt-inside-inner-col > .aligncenter{width:100%;}.kadence-column_4031a3-13 > .kt-inside-inner-col:before{opacity:0.3;}.kadence-column_4031a3-13{position:relative;}@media all and (max-width: 1024px){.kadence-column_4031a3-13 > .kt-inside-inner-col{flex-direction:column;}}@media all and (max-width: 767px){.kadence-column_4031a3-13 > .kt-inside-inner-col{flex-direction:column;}}<\/style>\n<div class=\"wp-block-kadence-column kadence-column_4031a3-13\"><div class=\"kt-inside-inner-col\"><style>.wp-block-kadence-advancedheading.kt-adv-heading_43d1b5-14, .wp-block-kadence-advancedheading.kt-adv-heading_43d1b5-14[data-kb-block=\"kb-adv-heading_43d1b5-14\"]{font-size:26px;font-style:normal;text-transform:uppercase;}.wp-block-kadence-advancedheading.kt-adv-heading_43d1b5-14 mark.kt-highlight, .wp-block-kadence-advancedheading.kt-adv-heading_43d1b5-14[data-kb-block=\"kb-adv-heading_43d1b5-14\"] mark.kt-highlight{font-style:normal;color:#f76a0c;-webkit-box-decoration-break:clone;box-decoration-break:clone;padding-top:0px;padding-right:0px;padding-bottom:0px;padding-left:0px;}<\/style>\n<h1 class=\"kt-adv-heading_43d1b5-14 wp-block-kadence-advancedheading has-theme-palette-1-color has-text-color\" data-kb-block=\"kb-adv-heading_43d1b5-14\"><strong><strong>CLOFENT Corporation<\/strong><\/strong><\/h1>\n\n\n\n<p>Al laboratori s&#8217;hi analitzen les mat\u00e8ries i productes utilitzats en la fabricaci\u00f3 dels nostres articles aix\u00ed com dels acabats, l\u2019elasticitat, rentat, resist\u00e8ncia i durabilitat dels teixits. El Departament d&#8217;Innovaci\u00f3 desenvolupa projectes a mida oferint un <strong>estudi complet dels teixits t\u00e8cnics<\/strong> homologant la seva aplicaci\u00f3.<\/p>\n\n\n\n<p>El nostre prestigi ens ha perm\u00e8s treballar en la recerca de nous materials amb diversos centres tecnol\u00f2gics. <strong>Disposem d&#8217;una gran varietat de mat\u00e8ries primeres t\u00e8cniques<\/strong> com: fils conductors, fils t\u00e8cnics, multifibra, fil reciclat i d&#8217;altres en funci\u00f3 de la seva utilitat final. Aquesta cerca ens ha perm\u00e8s microencapsular teixits des de l&#8217;any 2005 i actualment oferir als nostres clients solucions al pilling provocat per el hook i cintes adherents hook-loop, entre d&#8217;altres.<\/p>\n\n\n\n<p>L&#8217;equip d&#8217;enginyers t\u00e9 com a objectiu <strong>cobrir les necessitats del mercat creant productes d&#8217;alt nivell tecnol\u00f2gic.<\/strong><\/p>\n\n\n\n<p>Clofent Corporation es beneficia de la capacitat productiva d&#8217;AdC per poder fer productes de r\u00e0pida introducci\u00f3 al mercat. La nostra experi\u00e8ncia en projectes ens permet <strong>idear productes t\u00e8cnics que s\u00f3n fruit del feed-back entre client i Departament T\u00e8cnic.<\/strong><\/p>\n\n\n\n<p>La col\u00b7laboraci\u00f3 amb altres empreses i centres tecnol\u00f2gics per desenvolupar nous projectes i innovar al mercat \u00e9s cont\u00ednua.<\/p>\n<\/div><\/div>\n\n<\/div><\/div>\n\n<style>.kb-row-layout-id_bd02e3-96 > .kt-row-column-wrap{align-content:start;}:where(.kb-row-layout-id_bd02e3-96 > .kt-row-column-wrap) > .wp-block-kadence-column{justify-content:start;}.kb-row-layout-id_bd02e3-96 > .kt-row-column-wrap{column-gap:var(--global-kb-gap-md, 2rem);row-gap:var(--global-kb-gap-md, 2rem);padding-top:var(--global-kb-spacing-sm, 1.5rem);padding-bottom:var(--global-kb-spacing-sm, 1.5rem);grid-template-columns:minmax(0, 1fr);}.kb-row-layout-id_bd02e3-96 > .kt-row-layout-overlay{opacity:0.30;}@media all and (max-width: 1024px){.kb-row-layout-id_bd02e3-96 > .kt-row-column-wrap{grid-template-columns:minmax(0, 1fr);}}@media all and (max-width: 767px){.kb-row-layout-id_bd02e3-96 > .kt-row-column-wrap{grid-template-columns:minmax(0, 1fr);}}<\/style><div class=\"kb-row-layout-wrap kb-row-layout-id_bd02e3-96 alignnone wp-block-kadence-rowlayout\"><div class=\"kt-row-column-wrap kt-has-1-columns kt-row-layout-equal kt-tab-layout-inherit kt-mobile-layout-row kt-row-valign-top\">\n<style>.kadence-column_243ce3-a9 > .kt-inside-inner-col,.kadence-column_243ce3-a9 > .kt-inside-inner-col:before{border-top-left-radius:0px;border-top-right-radius:0px;border-bottom-right-radius:0px;border-bottom-left-radius:0px;}.kadence-column_243ce3-a9 > .kt-inside-inner-col{column-gap:var(--global-kb-gap-sm, 1rem);}.kadence-column_243ce3-a9 > .kt-inside-inner-col{flex-direction:column;}.kadence-column_243ce3-a9 > .kt-inside-inner-col > .aligncenter{width:100%;}.kadence-column_243ce3-a9 > .kt-inside-inner-col:before{opacity:0.3;}.kadence-column_243ce3-a9{position:relative;}@media all and (max-width: 1024px){.kadence-column_243ce3-a9 > .kt-inside-inner-col{flex-direction:column;}}@media all and (max-width: 767px){.kadence-column_243ce3-a9 > .kt-inside-inner-col{flex-direction:column;}}<\/style>\n<div class=\"wp-block-kadence-column kadence-column_243ce3-a9\"><div class=\"kt-inside-inner-col\"><style>.wp-block-kadence-advancedgallery .kb-gallery-type-grid.kb-gallery-id-_38fc99-af{margin:-5px;}.kb-gallery-type-grid.kb-gallery-id-_38fc99-af .kadence-blocks-gallery-item{padding:5px;}.kb-gallery-id-_38fc99-af .kadence-blocks-gallery-item .kb-gal-image-radius, .kb-gallery-id-_38fc99-af .kb-slide-item .kb-gal-image-radius img{border-radius:0px 0px 0px 0px;;}<\/style><div class=\"kb-gallery-wrap-id-_38fc99-af alignnone wp-block-kadence-advancedgallery\"><ul class=\"kb-gallery-ul kb-gallery-non-static kb-gallery-type-grid kb-gallery-id-_38fc99-af kb-gallery-caption-style-bottom-hover kb-gallery-filter-none\" data-image-filter=\"none\" data-item-selector=\".kadence-blocks-gallery-item\" data-lightbox-caption=\"true\" data-columns-xxl=\"3\" data-columns-xl=\"3\" data-columns-md=\"3\" data-columns-sm=\"2\" data-columns-xs=\"1\" data-columns-ss=\"1\"><li class=\"kadence-blocks-gallery-item\"><div class=\"kadence-blocks-gallery-item-inner\"><figure class=\"kb-gallery-figure kadence-blocks-gallery-item-hide-caption\" \"><div class=\"kb-gal-image-radius\"><div class=\"kb-gallery-image-contain kadence-blocks-gallery-intrinsic kb-gallery-image-ratio-land32 kb-has-image-ratio-land32\" ><img decoding=\"async\" src=\"https:\/\/www.adclofent.com\/wp-content\/uploads\/2020\/07\/clofent-corporation-01.jpg\" width=\"640\" height=\"480\" alt=\"\" data-full-image=\"https:\/\/www.adclofent.com\/wp-content\/uploads\/2020\/07\/clofent-corporation-01.jpg\" data-light-image=\"https:\/\/www.adclofent.com\/wp-content\/uploads\/2020\/07\/clofent-corporation-01.jpg\" data-id=\"3681\" class=\"wp-image-3681\" srcset=\"https:\/\/www.adclofent.com\/wp-content\/uploads\/2020\/07\/clofent-corporation-01.jpg 640w, https:\/\/www.adclofent.com\/wp-content\/uploads\/2020\/07\/clofent-corporation-01-300x225.jpg 300w, https:\/\/www.adclofent.com\/wp-content\/uploads\/2020\/07\/clofent-corporation-01-624x468.jpg 624w\" sizes=\"(max-width: 640px) 100vw, 640px\" \/><\/div><\/div><\/figure><\/div><\/li><li class=\"kadence-blocks-gallery-item\"><div class=\"kadence-blocks-gallery-item-inner\"><figure class=\"kb-gallery-figure kadence-blocks-gallery-item-hide-caption\" \"><div class=\"kb-gal-image-radius\"><div class=\"kb-gallery-image-contain kadence-blocks-gallery-intrinsic kb-gallery-image-ratio-land32 kb-has-image-ratio-land32\" ><img decoding=\"async\" src=\"https:\/\/www.adclofent.com\/wp-content\/uploads\/2020\/07\/clofentocrapotion2.png\" width=\"616\" height=\"566\" alt=\"Clofent Corporation\" data-full-image=\"https:\/\/www.adclofent.com\/wp-content\/uploads\/2020\/07\/clofentocrapotion2.png\" data-light-image=\"https:\/\/www.adclofent.com\/wp-content\/uploads\/2020\/07\/clofentocrapotion2.png\" data-id=\"3685\" class=\"wp-image-3685\" srcset=\"https:\/\/www.adclofent.com\/wp-content\/uploads\/2020\/07\/clofentocrapotion2.png 616w, https:\/\/www.adclofent.com\/wp-content\/uploads\/2020\/07\/clofentocrapotion2-300x276.png 300w\" sizes=\"(max-width: 616px) 100vw, 616px\" \/><\/div><\/div><\/figure><\/div><\/li><li class=\"kadence-blocks-gallery-item\"><div class=\"kadence-blocks-gallery-item-inner\"><figure class=\"kb-gallery-figure kadence-blocks-gallery-item-hide-caption\" \"><div class=\"kb-gal-image-radius\"><div class=\"kb-gallery-image-contain kadence-blocks-gallery-intrinsic kb-gallery-image-ratio-land32 kb-has-image-ratio-land32\" ><img decoding=\"async\" src=\"https:\/\/www.adclofent.com\/wp-content\/uploads\/2023\/06\/Loop-clofent-corporation.jpeg\" width=\"2048\" height=\"1536\" alt=\"\" data-full-image=\"https:\/\/www.adclofent.com\/wp-content\/uploads\/2023\/06\/Loop-clofent-corporation.jpeg\" data-light-image=\"https:\/\/www.adclofent.com\/wp-content\/uploads\/2023\/06\/Loop-clofent-corporation.jpeg\" data-id=\"5599\" class=\"wp-image-5599\" srcset=\"https:\/\/www.adclofent.com\/wp-content\/uploads\/2023\/06\/Loop-clofent-corporation.jpeg 1920w, https:\/\/www.adclofent.com\/wp-content\/uploads\/2023\/06\/Loop-clofent-corporation-300x225.jpeg 300w, https:\/\/www.adclofent.com\/wp-content\/uploads\/2023\/06\/Loop-clofent-corporation-1024x768.jpeg 1024w, https:\/\/www.adclofent.com\/wp-content\/uploads\/2023\/06\/Loop-clofent-corporation-768x576.jpeg 768w, https:\/\/www.adclofent.com\/wp-content\/uploads\/2023\/06\/Loop-clofent-corporation-1536x1152.jpeg 1536w\" sizes=\"(max-width: 2048px) 100vw, 2048px\" \/><\/div><\/div><\/figure><\/div><\/li><\/ul><\/div><\/div><\/div>\n\n<\/div><\/div>\n\n<style>.kb-row-layout-id_9d3d2f-33 > .kt-row-column-wrap{align-content:start;}:where(.kb-row-layout-id_9d3d2f-33 > .kt-row-column-wrap) > .wp-block-kadence-column{justify-content:start;}.kb-row-layout-id_9d3d2f-33 > .kt-row-column-wrap{column-gap:var(--global-kb-gap-md, 2rem);row-gap:var(--global-kb-gap-md, 2rem);padding-top:var(--global-kb-spacing-sm, 1.5rem);padding-bottom:var(--global-kb-spacing-xl, 4rem);grid-template-columns:minmax(0, 1fr);}.kb-row-layout-id_9d3d2f-33 > .kt-row-layout-overlay{opacity:0.30;}@media all and (max-width: 1024px){.kb-row-layout-id_9d3d2f-33 > .kt-row-column-wrap{grid-template-columns:minmax(0, 1fr);}}@media all and (max-width: 767px){.kb-row-layout-id_9d3d2f-33 > .kt-row-column-wrap{grid-template-columns:minmax(0, 1fr);}}<\/style><div class=\"kb-row-layout-wrap kb-row-layout-id_9d3d2f-33 alignnone wp-block-kadence-rowlayout\"><div class=\"kt-row-column-wrap kt-has-1-columns kt-row-layout-equal kt-tab-layout-inherit kt-mobile-layout-row kt-row-valign-top\">\n<style>.kadence-column_78143d-bb > .kt-inside-inner-col,.kadence-column_78143d-bb > .kt-inside-inner-col:before{border-top-left-radius:0px;border-top-right-radius:0px;border-bottom-right-radius:0px;border-bottom-left-radius:0px;}.kadence-column_78143d-bb > .kt-inside-inner-col{column-gap:var(--global-kb-gap-sm, 1rem);}.kadence-column_78143d-bb > .kt-inside-inner-col{flex-direction:column;}.kadence-column_78143d-bb > .kt-inside-inner-col > .aligncenter{width:100%;}.kadence-column_78143d-bb > .kt-inside-inner-col:before{opacity:0.3;}.kadence-column_78143d-bb{position:relative;}@media all and (max-width: 1024px){.kadence-column_78143d-bb > .kt-inside-inner-col{flex-direction:column;}}@media all and (max-width: 767px){.kadence-column_78143d-bb > .kt-inside-inner-col{flex-direction:column;}}<\/style>\n<div class=\"wp-block-kadence-column kadence-column_78143d-bb\"><div class=\"kt-inside-inner-col\"><style>.kb-image_43eff1-c4.kb-image-is-ratio-size, .kb-image_43eff1-c4 .kb-image-is-ratio-size{max-width:400px;width:100%;}.wp-block-kadence-column > .kt-inside-inner-col > .kb-image_43eff1-c4.kb-image-is-ratio-size, .wp-block-kadence-column > .kt-inside-inner-col > .kb-image_43eff1-c4 .kb-image-is-ratio-size{align-self:unset;}.kb-image_43eff1-c4 figure{max-width:400px;}.kb-image_43eff1-c4 .image-is-svg, .kb-image_43eff1-c4 .image-is-svg img{width:100%;}.kb-image_43eff1-c4 .kb-image-has-overlay:after{opacity:0.3;}<\/style>\n<div class=\"wp-block-kadence-image kb-image_43eff1-c4\"><figure class=\"aligncenter size-full\"><img decoding=\"async\" width=\"811\" height=\"220\" src=\"https:\/\/www.adclofent.com\/wp-content\/uploads\/2018\/02\/Clofent-Copr-RnD.jpg\" alt=\"f\u00e1brica de el\u00e1sticos\" class=\"kb-img wp-image-2021\" srcset=\"https:\/\/www.adclofent.com\/wp-content\/uploads\/2018\/02\/Clofent-Copr-RnD.jpg 811w, https:\/\/www.adclofent.com\/wp-content\/uploads\/2018\/02\/Clofent-Copr-RnD-300x81.jpg 300w, https:\/\/www.adclofent.com\/wp-content\/uploads\/2018\/02\/Clofent-Copr-RnD-768x208.jpg 768w, https:\/\/www.adclofent.com\/wp-content\/uploads\/2018\/02\/Clofent-Copr-RnD-624x169.jpg 624w\" sizes=\"(max-width: 811px) 100vw, 811px\" \/><\/figure><\/div>\n\n\n<style>.wp-block-kadence-advancedbtn.kb-btns_e0889d-59{gap:var(--global-kb-gap-xs, 0.5rem );justify-content:center;align-items:center;}.kt-btns_e0889d-59 .kt-button{font-weight:normal;font-style:normal;}.kt-btns_e0889d-59 .kt-btn-wrap-0{margin-right:5px;}.wp-block-kadence-advancedbtn.kt-btns_e0889d-59 .kt-btn-wrap-0 .kt-button{color:#555555;border-color:#555555;}.wp-block-kadence-advancedbtn.kt-btns_e0889d-59 .kt-btn-wrap-0 .kt-button:hover, .wp-block-kadence-advancedbtn.kt-btns_e0889d-59 .kt-btn-wrap-0 .kt-button:focus{color:#ffffff;border-color:#444444;}.wp-block-kadence-advancedbtn.kt-btns_e0889d-59 .kt-btn-wrap-0 .kt-button::before{display:none;}.wp-block-kadence-advancedbtn.kt-btns_e0889d-59 .kt-btn-wrap-0 .kt-button:hover, .wp-block-kadence-advancedbtn.kt-btns_e0889d-59 .kt-btn-wrap-0 .kt-button:focus{background:#444444;}<\/style>\n<div class=\"wp-block-kadence-advancedbtn kb-buttons-wrap kb-btns_e0889d-59\"><style>ul.menu .wp-block-kadence-advancedbtn .kb-btn_980b8b-76.kb-button{width:initial;}@media all and (max-width: 1024px){.kb-btn_980b8b-76.kb-button .kb-svg-icon-wrap{display:block;}}<\/style><a class=\"kb-button kt-button button kb-btn_980b8b-76 kt-btn-size-standard kt-btn-width-type-auto kb-btn-global-inherit kt-btn-has-text-true kt-btn-has-svg-false wp-block-button__link wp-block-kadence-singlebtn\" href=\"https:\/\/www.adclofent.com\/ca\/contacte-fabricant-cintes-elastiques-rigides\/\"><span class=\"kt-btn-inner-text\">Contacte<\/span><\/a><\/div>\n<\/div><\/div>\n\n<\/div><\/div>","protected":false},"excerpt":{"rendered":"<p>CLOFENT Corporation Al laboratori s&#8217;hi analitzen les mat\u00e8ries i productes utilitzats en la fabricaci\u00f3 dels nostres articles aix\u00ed com dels acabats, l\u2019elasticitat, rentat, resist\u00e8ncia i durabilitat dels teixits. El Departament d&#8217;Innovaci\u00f3 desenvolupa projectes a mida oferint un estudi complet dels teixits t\u00e8cnics homologant la seva aplicaci\u00f3. El nostre prestigi ens ha perm\u00e8s treballar en la&#8230;<\/p>\n","protected":false},"author":2,"featured_media":0,"parent":0,"menu_order":0,"comment_status":"closed","ping_status":"closed","template":"","meta":{"_kad_blocks_custom_css":"","_kad_blocks_head_custom_js":"","_kad_blocks_body_custom_js":"","_kad_blocks_footer_custom_js":"","_kad_post_transparent":"","_kad_post_title":"","_kad_post_layout":"","_kad_post_sidebar_id":"","_kad_post_content_style":"","_kad_post_vertical_padding":"","_kad_post_feature":"","_kad_post_feature_position":"","_kad_post_header":false,"_kad_post_footer":false,"footnotes":""},"class_list":["post-2213","page","type-page","status-publish","hentry"],"acf":[],"taxonomy_info":[],"featured_image_src_large":false,"author_info":{"display_name":"Artesana de Clofent","author_link":"https:\/\/www.adclofent.com\/ca\/author\/imma\/"},"comment_info":0,"_links":{"self":[{"href":"https:\/\/www.adclofent.com\/ca\/wp-json\/wp\/v2\/pages\/2213","targetHints":{"allow":["GET"]}}],"collection":[{"href":"https:\/\/www.adclofent.com\/ca\/wp-json\/wp\/v2\/pages"}],"about":[{"href":"https:\/\/www.adclofent.com\/ca\/wp-json\/wp\/v2\/types\/page"}],"author":[{"embeddable":true,"href":"https:\/\/www.adclofent.com\/ca\/wp-json\/wp\/v2\/users\/2"}],"replies":[{"embeddable":true,"href":"https:\/\/www.adclofent.com\/ca\/wp-json\/wp\/v2\/comments?post=2213"}],"version-history":[{"count":19,"href":"https:\/\/www.adclofent.com\/ca\/wp-json\/wp\/v2\/pages\/2213\/revisions"}],"predecessor-version":[{"id":6042,"href":"https:\/\/www.adclofent.com\/ca\/wp-json\/wp\/v2\/pages\/2213\/revisions\/6042"}],"wp:attachment":[{"href":"https:\/\/www.adclofent.com\/ca\/wp-json\/wp\/v2\/media?parent=2213"}],"curies":[{"name":"wp","href":"https:\/\/api.w.org\/{rel}","templated":true}]}}